{"id":14,"date":"2025-08-08T14:08:43","date_gmt":"2025-08-08T14:08:43","guid":{"rendered":"https:\/\/seo.grahammiranda.com\/?page_id=14"},"modified":"2025-10-11T18:10:26","modified_gmt":"2025-10-11T16:10:26","slug":"erstattungsrichtlinie","status":"publish","type":"page","link":"https:\/\/seo.grahammiranda.com\/de\/legal\/erstattungsrichtlinie\/","title":{"rendered":"Erstattungs- und R\u00fcckgabebestimmungen"},"content":{"rendered":"<p><strong>Widerrufsbelehrung und Erstattungsrichtlinie<\/strong><\/p>\n\n\n\n<p><strong>R\u00fccktrittsrecht f\u00fcr Verbraucher<\/strong><\/p>\n\n\n\n<p>Den Verbrauchern steht ein Widerrufsrecht nach den gesetzlichen Bestimmungen zu:<\/p>\n\n\n\n<p><strong>Anweisungen f\u00fcr die R\u00fccknahme<\/strong><\/p>\n\n\n\n<p>Sie haben das Recht, binnen vierzehn Tagen ohne Angabe von Gr\u00fcnden diesen Vertrag zu widerrufen.<\/p>\n\n\n\n<p>Die Widerrufsfrist betr\u00e4gt vierzehn Tage ab dem Tag des Vertragsabschlusses.<\/p>\n\n\n\n<p>Um Ihr Widerrufsrecht auszu\u00fcben, m\u00fcssen Sie uns (Graham Miranda, Hasselfelder Str. 23, 38889 Blankenburg (Harz), Deutschland, E-Mail: support@seo.grahammiranda.com) mittels einer eindeutigen Erkl\u00e4rung (z. B. ein mit der Post versandter Brief oder E-Mail) \u00fcber Ihren Entschluss, diesen Vertrag zu widerrufen, informieren.<\/p>\n\n\n\n<p><strong>Folgen des R\u00fccktritts<\/strong><\/p>\n\n\n\n<p>Wenn Sie diesen Vertrag widerrufen, haben wir Ihnen alle Zahlungen, die wir von Ihnen erhalten haben, einschlie\u00dflich der Lieferkosten, unverz\u00fcglich und in jedem Fall sp\u00e4testens binnen vierzehn Tagen ab dem Tag zur\u00fcckzuzahlen, an dem die Mitteilung \u00fcber Ihren Widerruf dieses Vertrags bei uns eingegangen ist.<\/p>\n\n\n\n<p><strong>Besondere Bestimmungen f\u00fcr digitale Dienste<\/strong><\/p>\n\n\n\n<p>F\u00fcr SEO-Dienstleistungen, die bereits begonnen haben:<\/p>\n\n\n\n<ul class=\"wp-block-list\">\n<li>Das Widerrufsrecht erlischt bei digitalen Dienstleistungen, wenn die Dienstleistung vollst\u00e4ndig erbracht wurde und Sie ausdr\u00fccklich zugestimmt haben, dass die Dienstleistung vor Ablauf der Widerrufsfrist beginnt und Sie zur Kenntnis genommen haben, dass Sie dadurch Ihr Widerrufsrecht verlieren.<\/li>\n<\/ul>\n\n\n\n<p><strong>Erstattungsrichtlinie f\u00fcr Wiederverk\u00e4uferdienste<\/strong><\/p>\n\n\n\n<p>Da wir ausschlie\u00dflich als Wiederverk\u00e4ufer t\u00e4tig sind:<\/p>\n\n\n\n<ol class=\"wp-block-list\">\n<li><strong>Bereits erbrachte Dienstleistungen<\/strong>: Nach Beginn der SEO-Arbeiten durch unsere Drittanbieter ist eine R\u00fcckerstattung nur in Ausnahmef\u00e4llen m\u00f6glich.<\/li>\n\n\n\n<li><strong>Noch nicht erbrachte Dienstleistungen<\/strong>: Wurde mit den Arbeiten nicht begonnen, erfolgt eine vollst\u00e4ndige R\u00fcckerstattung abz\u00fcglich der Bearbeitungsgeb\u00fchren von Drittanbietern.<\/li>\n\n\n\n<li><strong>Policen von Drittanbietern<\/strong>: Die R\u00fcckerstattung unterliegt den Bedingungen unserer jeweiligen Drittanbieter.<\/li>\n\n\n\n<li><strong>Rechtliche Grundlagen<\/strong>: Diese Regelung entspricht den deutschen Verbraucherschutzbestimmungen f\u00fcr digitale Dienste nach \u00a7 356 BGB.<\/li>\n<\/ol>\n\n\n\n<p><strong>Online-Abhebungsfunktion<\/strong><\/p>\n\n\n\n<p>Ab dem 19. Juni 2026 wird gem\u00e4\u00df der geplanten Umsetzung der EU-Richtlinie 2023\/2673 eine Online-Widerrufsfunktion auf unserer Website verf\u00fcgbar sein.<\/p>","protected":false},"excerpt":{"rendered":"<p>Withdrawal Instructions and Refund Policy Right of Withdrawal for Consumers Consumers have a right of withdrawal in accordance with statutory [&hellip;]<\/p>","protected":false},"author":2,"featured_media":0,"parent":0,"menu_order":0,"comment_status":"closed","ping_status":"closed","template":"","meta":{"site-sidebar-layout":"default","site-content-layout":"","ast-site-content-layout":"default","site-content-style":"default","site-sidebar-style":"default","ast-global-header-display":"","ast-banner-title-visibility":"","ast-main-header-display":"","ast-hfb-above-header-display":"","ast-hfb-below-header-display":"","ast-hfb-mobile-header-display":"","site-post-title":"","ast-breadcrumbs-content":"","ast-featured-img":"","footer-sml-layout":"","theme-transparent-header-meta":"","adv-header-id-meta":"","stick-header-meta":"","header-above-stick-meta":"","header-main-stick-meta":"","header-below-stick-meta":"","astra-migrate-meta-layouts":"set","ast-page-background-enabled":"default","ast-page-background-meta":{"desktop":{"background-color":"","background-image":"","background-repeat":"repeat","background-position":"center center","background-size":"auto","background-attachment":"scroll","background-type":"","background-media":"","overlay-type":"","overlay-color":"","overlay-opacity":"","overlay-gradient":""},"tablet":{"background-color":"","background-image":"","background-repeat":"repeat","background-position":"center center","background-size":"auto","background-attachment":"scroll","background-type":"","background-media":"","overlay-type":"","overlay-color":"","overlay-opacity":"","overlay-gradient":""},"mobile":{"background-color":"","background-image":"","background-repeat":"repeat","background-position":"center center","background-size":"auto","background-attachment":"scroll","background-type":"","background-media":"","overlay-type":"","overlay-color":"","overlay-opacity":"","overlay-gradient":""}},"ast-content-background-meta":{"desktop":{"background-color":"var(--ast-global-color-5)","background-image":"","background-repeat":"repeat","background-position":"center center","background-size":"auto","background-attachment":"scroll","background-type":"","background-media":"","overlay-type":"","overlay-color":"","overlay-opacity":"","overlay-gradient":""},"tablet":{"background-color":"var(--ast-global-color-5)","background-image":"","background-repeat":"repeat","background-position":"center center","background-size":"auto","background-attachment":"scroll","background-type":"","background-media":"","overlay-type":"","overlay-color":"","overlay-opacity":"","overlay-gradient":""},"mobile":{"background-color":"var(--ast-global-color-5)","background-image":"","background-repeat":"repeat","background-position":"center center","background-size":"auto","background-attachment":"scroll","background-type":"","background-media":"","overlay-type":"","overlay-color":"","overlay-opacity":"","overlay-gradient":""}},"footnotes":""},"class_list":["post-14","page","type-page","status-publish","hentry"],"yoast_head":"<!-- This site is optimized with the Yoast SEO Premium plugin v26.2 (Yoast SEO v26.2) - https:\/\/yoast.com\/wordpress\/plugins\/seo\/ -->\n<title>Refund Policy Graham Miranda SEO - Withdrawal Rights GDPR<\/title>\n<meta name=\"description\" content=\"Refund policy and withdrawal rights for Graham Miranda SEO - Consumer rights, return policy for digital services according to German consumer law.\" \/>\n<meta name=\"robots\" content=\"index, follow, max-snippet:-1, max-image-preview:large, max-video-preview:-1\" \/>\n<link rel=\"canonical\" href=\"https:\/\/seo.grahammiranda.com\/de\/legal\/erstattungsrichtlinie\/\" \/>\n<meta property=\"og:locale\" content=\"de_DE\" \/>\n<meta property=\"og:type\" content=\"article\" \/>\n<meta property=\"og:title\" content=\"Refund and Returns Policy\" \/>\n<meta property=\"og:description\" content=\"Refund policy and withdrawal rights for Graham Miranda SEO - Consumer rights, return policy for digital services according to German consumer law.\" \/>\n<meta property=\"og:url\" content=\"https:\/\/seo.grahammiranda.com\/de\/legal\/erstattungsrichtlinie\/\" \/>\n<meta property=\"og:site_name\" content=\"Graham Miranda SEO\" \/>\n<meta property=\"article:modified_time\" content=\"2025-10-11T16:10:26+00:00\" \/>\n<meta name=\"twitter:card\" content=\"summary_large_image\" \/>\n<meta name=\"twitter:label1\" content=\"Gesch\u00e4tzte Lesezeit\" \/>\n\t<meta name=\"twitter:data1\" content=\"2\u00a0Minuten\" \/>\n<script type=\"application\/ld+json\" class=\"yoast-schema-graph\">{\"@context\":\"https:\/\/schema.org\",\"@graph\":[{\"@type\":\"WebPage\",\"@id\":\"https:\/\/seo.grahammiranda.com\/de\/legal\/erstattungsrichtlinie\/\",\"url\":\"https:\/\/seo.grahammiranda.com\/de\/legal\/erstattungsrichtlinie\/\",\"name\":\"Refund Policy Graham Miranda SEO - Withdrawal Rights GDPR\",\"isPartOf\":{\"@id\":\"https:\/\/seo.grahammiranda.com\/de\/#website\"},\"datePublished\":\"2025-08-08T14:08:43+00:00\",\"dateModified\":\"2025-10-11T16:10:26+00:00\",\"description\":\"Refund policy and withdrawal rights for Graham Miranda SEO - Consumer rights, return policy for digital services according to German consumer law.\",\"breadcrumb\":{\"@id\":\"https:\/\/seo.grahammiranda.com\/de\/legal\/erstattungsrichtlinie\/#breadcrumb\"},\"inLanguage\":\"de\",\"potentialAction\":[{\"@type\":\"ReadAction\",\"target\":[\"https:\/\/seo.grahammiranda.com\/de\/legal\/erstattungsrichtlinie\/\"]}]},{\"@type\":\"BreadcrumbList\",\"@id\":\"https:\/\/seo.grahammiranda.com\/de\/legal\/erstattungsrichtlinie\/#breadcrumb\",\"itemListElement\":[{\"@type\":\"ListItem\",\"position\":1,\"name\":\"Home\",\"item\":\"https:\/\/seo.grahammiranda.com\/\"},{\"@type\":\"ListItem\",\"position\":2,\"name\":\"Refund and Returns Policy\"}]},{\"@type\":\"WebSite\",\"@id\":\"https:\/\/seo.grahammiranda.com\/de\/#website\",\"url\":\"https:\/\/seo.grahammiranda.com\/de\/\",\"name\":\"Graham Miranda SEO\",\"description\":\"Professional SEO Backlink Services | Boost Rankings | Graham Miranda\",\"publisher\":{\"@id\":\"https:\/\/seo.grahammiranda.com\/de\/#organization\"},\"potentialAction\":[{\"@type\":\"SearchAction\",\"target\":{\"@type\":\"EntryPoint\",\"urlTemplate\":\"https:\/\/seo.grahammiranda.com\/de\/?s={search_term_string}\"},\"query-input\":{\"@type\":\"PropertyValueSpecification\",\"valueRequired\":true,\"valueName\":\"search_term_string\"}}],\"inLanguage\":\"de\"},{\"@type\":\"Organization\",\"@id\":\"https:\/\/seo.grahammiranda.com\/de\/#organization\",\"name\":\"Graham Miranda SEO\",\"url\":\"https:\/\/seo.grahammiranda.com\/de\/\",\"logo\":{\"@type\":\"ImageObject\",\"inLanguage\":\"de\",\"@id\":\"https:\/\/seo.grahammiranda.com\/de\/#\/schema\/logo\/image\/\",\"url\":\"https:\/\/seo.grahammiranda.com\/wp-content\/uploads\/2025\/09\/generated_image_10-1.webp\",\"contentUrl\":\"https:\/\/seo.grahammiranda.com\/wp-content\/uploads\/2025\/09\/generated_image_10-1.webp\",\"width\":1024,\"height\":1024,\"caption\":\"Graham Miranda SEO\"},\"image\":{\"@id\":\"https:\/\/seo.grahammiranda.com\/de\/#\/schema\/logo\/image\/\"},\"hasMerchantReturnPolicy\":{\"@type\":\"MerchantReturnPolicy\",\"merchantReturnLink\":\"https:\/\/seo.grahammiranda.com\/de\/legal\/erstattungsrichtlinie\/\"}}]}<\/script>\n<!-- \/ Yoast SEO Premium plugin. -->","yoast_head_json":{"title":"Erstattungsrichtlinie Graham Miranda SEO - Widerrufsrecht GDPR","description":"Widerrufsbelehrung und R\u00fcckgaberecht f\u00fcr Graham Miranda SEO - Verbraucherrechte, R\u00fcckgaberecht f\u00fcr digitale Dienstleistungen nach deutschem Verbraucherrecht.","robots":{"index":"index","follow":"follow","max-snippet":"max-snippet:-1","max-image-preview":"max-image-preview:large","max-video-preview":"max-video-preview:-1"},"canonical":"https:\/\/seo.grahammiranda.com\/de\/legal\/erstattungsrichtlinie\/","og_locale":"de_DE","og_type":"article","og_title":"Refund and Returns Policy","og_description":"Refund policy and withdrawal rights for Graham Miranda SEO - Consumer rights, return policy for digital services according to German consumer law.","og_url":"https:\/\/seo.grahammiranda.com\/de\/legal\/erstattungsrichtlinie\/","og_site_name":"Graham Miranda SEO","article_modified_time":"2025-10-11T16:10:26+00:00","twitter_card":"summary_large_image","twitter_misc":{"Gesch\u00e4tzte Lesezeit":"2\u00a0Minuten"},"schema":{"@context":"https:\/\/schema.org","@graph":[{"@type":"WebPage","@id":"https:\/\/seo.grahammiranda.com\/de\/legal\/erstattungsrichtlinie\/","url":"https:\/\/seo.grahammiranda.com\/de\/legal\/erstattungsrichtlinie\/","name":"Erstattungsrichtlinie Graham Miranda SEO - Widerrufsrecht GDPR","isPartOf":{"@id":"https:\/\/seo.grahammiranda.com\/de\/#website"},"datePublished":"2025-08-08T14:08:43+00:00","dateModified":"2025-10-11T16:10:26+00:00","description":"Widerrufsbelehrung und R\u00fcckgaberecht f\u00fcr Graham Miranda SEO - Verbraucherrechte, R\u00fcckgaberecht f\u00fcr digitale Dienstleistungen nach deutschem Verbraucherrecht.","breadcrumb":{"@id":"https:\/\/seo.grahammiranda.com\/de\/legal\/erstattungsrichtlinie\/#breadcrumb"},"inLanguage":"de","potentialAction":[{"@type":"ReadAction","target":["https:\/\/seo.grahammiranda.com\/de\/legal\/erstattungsrichtlinie\/"]}]},{"@type":"BreadcrumbList","@id":"https:\/\/seo.grahammiranda.com\/de\/legal\/erstattungsrichtlinie\/#breadcrumb","itemListElement":[{"@type":"ListItem","position":1,"name":"Home","item":"https:\/\/seo.grahammiranda.com\/"},{"@type":"ListItem","position":2,"name":"Refund and Returns Policy"}]},{"@type":"WebSite","@id":"https:\/\/seo.grahammiranda.com\/de\/#website","url":"https:\/\/seo.grahammiranda.com\/de\/","name":"Graham Miranda SEO","description":"Professionelle SEO Backlink Dienstleistungen | Boost Rankings | Graham Miranda","publisher":{"@id":"https:\/\/seo.grahammiranda.com\/de\/#organization"},"potentialAction":[{"@type":"SearchAction","target":{"@type":"EntryPoint","urlTemplate":"https:\/\/seo.grahammiranda.com\/de\/?s={search_term_string}"},"query-input":{"@type":"PropertyValueSpecification","valueRequired":true,"valueName":"search_term_string"}}],"inLanguage":"de"},{"@type":"Organization","@id":"https:\/\/seo.grahammiranda.com\/de\/#organization","name":"Graham Miranda SEO","url":"https:\/\/seo.grahammiranda.com\/de\/","logo":{"@type":"ImageObject","inLanguage":"de","@id":"https:\/\/seo.grahammiranda.com\/de\/#\/schema\/logo\/image\/","url":"https:\/\/seo.grahammiranda.com\/wp-content\/uploads\/2025\/09\/generated_image_10-1.webp","contentUrl":"https:\/\/seo.grahammiranda.com\/wp-content\/uploads\/2025\/09\/generated_image_10-1.webp","width":1024,"height":1024,"caption":"Graham Miranda SEO"},"image":{"@id":"https:\/\/seo.grahammiranda.com\/de\/#\/schema\/logo\/image\/"},"hasMerchantReturnPolicy":{"@type":"MerchantReturnPolicy","merchantReturnLink":"https:\/\/seo.grahammiranda.com\/de\/legal\/erstattungsrichtlinie\/"}}]}},"_links":{"self":[{"href":"https:\/\/seo.grahammiranda.com\/de\/wp-json\/wp\/v2\/pages\/14","targetHints":{"allow":["GET"]}}],"collection":[{"href":"https:\/\/seo.grahammiranda.com\/de\/wp-json\/wp\/v2\/pages"}],"about":[{"href":"https:\/\/seo.grahammiranda.com\/de\/wp-json\/wp\/v2\/types\/page"}],"author":[{"embeddable":true,"href":"https:\/\/seo.grahammiranda.com\/de\/wp-json\/wp\/v2\/users\/2"}],"replies":[{"embeddable":true,"href":"https:\/\/seo.grahammiranda.com\/de\/wp-json\/wp\/v2\/comments?post=14"}],"version-history":[{"count":1,"href":"https:\/\/seo.grahammiranda.com\/de\/wp-json\/wp\/v2\/pages\/14\/revisions"}],"predecessor-version":[{"id":4171,"href":"https:\/\/seo.grahammiranda.com\/de\/wp-json\/wp\/v2\/pages\/14\/revisions\/4171"}],"wp:attachment":[{"href":"https:\/\/seo.grahammiranda.com\/de\/wp-json\/wp\/v2\/media?parent=14"}],"curies":[{"name":"wp","href":"https:\/\/api.w.org\/{rel}","templated":true}]}}