{"id":3,"date":"2025-08-06T18:19:53","date_gmt":"2025-08-06T18:19:53","guid":{"rendered":"https:\/\/seo.grahammiranda.com\/wp\/?page_id=3"},"modified":"2025-10-12T23:39:53","modified_gmt":"2025-10-12T21:39:53","slug":"datenschutzbestimmungen","status":"publish","type":"page","link":"https:\/\/seo.grahammiranda.com\/de\/legal\/datenschutzbestimmungen\/","title":{"rendered":"Datenschutzbestimmungen"},"content":{"rendered":"<p><strong>Datenschutzrichtlinie f\u00fcr Graham Miranda SEO<\/strong><\/p>\n\n\n\n<p><strong>1. Datenschutz im \u00dcberblick<\/strong><\/p>\n\n\n\n<p><strong>Allgemeine Informationen<\/strong><br>Im Folgenden erhalten Sie einen einfachen \u00dcberblick dar\u00fcber, was mit Ihren personenbezogenen Daten passiert, wenn Sie unsere Website besuchen. Personenbezogene Daten sind alle Daten, mit denen Sie pers\u00f6nlich identifiziert werden k\u00f6nnen.<\/p>\n\n\n\n<p><strong>Datenerfassung auf unserer Website<\/strong><\/p>\n\n\n\n<p><em>Wer ist f\u00fcr die Datenerfassung auf dieser Website verantwortlich?<\/em><br>Die Datenverarbeitung auf dieser Website erfolgt durch den Websitebetreiber Graham Miranda, Hasselfelder Str. 23, 38889 Blankenburg (Harz), Deutschland.<\/p>\n\n\n\n<p><em>Wie sammeln wir Ihre Daten?<\/em><br>Ihre Daten werden zum einen dadurch erhoben, dass Sie sie uns zur Verf\u00fcgung stellen, und zum anderen werden die Daten beim Besuch der Website automatisch von unseren IT-Systemen erfasst.<\/p>\n\n\n\n<p><strong>2. Controller<\/strong><\/p>\n\n\n\n<p>Der f\u00fcr die Verarbeitung Verantwortliche im Sinne der Allgemeinen Datenschutzverordnung und anderer in den Mitgliedstaaten der Europ\u00e4ischen Union geltender Datenschutzgesetze und sonstiger datenschutzrechtlicher Bestimmungen ist:<\/p>\n\n\n\n<p>Graham Miranda<br>Hasselfelder Str. 23<br>38889 Blankenburg (Harz)<br>Deutschland<br>Telefon: +49 15678 397267<br>E-Mail: graham@grahammiranda.com<\/p>\n\n\n\n<p><strong>3. Internationale Daten\u00fcbertragung<\/strong><\/p>\n\n\n\n<p><strong>Wichtiger Hinweis<\/strong>: Unsere technische Infrastruktur nutzt Server in verschiedenen L\u00e4ndern:<\/p>\n\n\n\n<ul class=\"wp-block-list\">\n<li>Server-Hosting: RackNerd (Frankreich und USA)<\/li>\n\n\n\n<li>CDN-Dienst: Cloudflare (weltweit)<\/li>\n\n\n<\/ul>\n\n\n\n<p>Ihre Daten k\u00f6nnen daher in L\u00e4nder au\u00dferhalb der EU\/des EWR, insbesondere in die USA, \u00fcbermittelt werden. Die Daten\u00fcbermittlung beruht auf Angemessenheitsbeschl\u00fcssen oder angemessenen Garantien gem\u00e4\u00df Art. 44 et seq. GDPR.<\/p>\n\n\n\n<p><strong>4. Datenerfassung auf unserer Website<\/strong><\/p>\n\n\n\n<p><strong>Server-Protokolldateien<\/strong><br>Der Website-Provider erhebt und speichert automatisch Informationen in Server-Log-Dateien, die Ihr Browser automatisch an uns \u00fcbermittelt:<\/p>\n\n\n\n<ul class=\"wp-block-list\">\n<li>Browsertyp und Browserversion<\/li>\n\n\n\n<li>Verwendetes Betriebssystem<\/li>\n\n\n\n<li>Referrer URL<\/li>\n\n\n\n<li>Hostname des zugreifenden Rechners<\/li>\n\n\n\n<li>Uhrzeit der Serveranfrage<\/li>\n\n\n\n<li>IP-Adresse<\/li>\n<\/ul>\n\n\n\n<p>Die Rechtsgrundlage f\u00fcr die Datenverarbeitung ist Art. 6 Abs.. 1 lit. f GDPR.<\/p>\n\n\n\n<p><strong>Cookies<\/strong><br>Diese Website verwendet zum Teil Cookies. Die Rechtsgrundlage f\u00fcr die Verarbeitung personenbezogener Daten unter Verwendung technisch notwendiger Cookies ist Art. 6 Abs.. 1 lit. f GDPR. Alle anderen Cookies werden nur mit Ihrer Einwilligung gesetzt (Art. 6 Abs. 1 lit. a GDPR, \u00a7 25 TTDSG).<\/p>\n\n\n\n<p><strong>5. Kontakt und Kommunikation<\/strong><\/p>\n\n\n\n<p>Wenn Sie per E-Mail oder Kontaktformular Kontakt mit uns aufnehmen, werden Ihre Angaben zur Bearbeitung der Anfrage gespeichert. Die Daten werden nicht an Dritte weitergegeben. Die Verarbeitung erfolgt auf Grundlage von Art. 6 Abs. 1 lit. b GDPR.<\/p>\n\n\n\n<p><strong>6. Deine Rechte<\/strong><\/p>\n\n\n\n<p>Sie haben die folgenden Rechte:<\/p>\n\n\n\n<ul class=\"wp-block-list\">\n<li>Recht auf Information (Art. 15 GDPR)<\/li>\n\n\n\n<li>Recht auf Berichtigung (Art. 16 GDPR)<\/li>\n\n\n\n<li>Recht auf L\u00f6schung (Art. 17 GDPR)<\/li>\n\n\n\n<li>Recht auf Einschr\u00e4nkung (Art. 18 GDPR)<\/li>\n\n\n\n<li>Recht auf Daten\u00fcbertragbarkeit (Art. 20 GDPR)<\/li>\n\n\n\n<li>Recht auf Widerspruch (Art. 21 GDPR)<\/li>\n\n\n\n<li>Recht auf Beschwerde bei einer Aufsichtsbeh\u00f6rde<\/li>\n<\/ul>\n\n\n\n<p><strong>7. SSL\/TLS-Verschl\u00fcsselung<\/strong><\/p>\n\n\n\n<p>Diese Website verwendet aus Sicherheitsgr\u00fcnden eine SSL\/TLS-Verschl\u00fcsselung \u00fcber Cloudflare.<\/p>\n\n\n\n<p><strong>8. Aufbewahrungsfristen und L\u00f6schung von Daten<\/strong><\/p>\n\n\n\n<p><strong>Gesetzliche Aufbewahrungspflichten:<\/strong><\/p>\n\n\n\n<ul class=\"wp-block-list\">\n<li>Rechnungen und Buchhaltungsunterlagen: 10 Jahre (\u00a7 147 AO)<\/li>\n\n\n\n<li>Gesch\u00e4ftskorrespondenz: 6 Jahre (\u00a7 147 AO)<\/li>\n\n\n\n<li>Kundenvertr\u00e4ge und Auftr\u00e4ge: 10 Jahre (\u00a7 147 AO)<\/li>\n\n\n\n<li>Steuerlich relevante Unterlagen: 10 Jahre (\u00a7 147 AO)<\/li>\n<\/ul>\n\n\n\n\n\n<p><strong>Zuletzt aktualisiert<\/strong>: 12. Oktober 2025<\/p>","protected":false},"excerpt":{"rendered":"<p>Privacy Policy for Graham Miranda SEO 1. Data Protection at a Glance General InformationThe following gives a simple overview of [&hellip;]<\/p>","protected":false},"author":2,"featured_media":0,"parent":0,"menu_order":0,"comment_status":"closed","ping_status":"open","template":"","meta":{"site-sidebar-layout":"default","site-content-layout":"","ast-site-content-layout":"default","site-content-style":"default","site-sidebar-style":"default","ast-global-header-display":"","ast-banner-title-visibility":"","ast-main-header-display":"","ast-hfb-above-header-display":"","ast-hfb-below-header-display":"","ast-hfb-mobile-header-display":"","site-post-title":"","ast-breadcrumbs-content":"","ast-featured-img":"","footer-sml-layout":"","theme-transparent-header-meta":"","adv-header-id-meta":"","stick-header-meta":"","header-above-stick-meta":"","header-main-stick-meta":"","header-below-stick-meta":"","astra-migrate-meta-layouts":"set","ast-page-background-enabled":"default","ast-page-background-meta":{"desktop":{"background-color":"","background-image":"","background-repeat":"repeat","background-position":"center center","background-size":"auto","background-attachment":"scroll","background-type":"","background-media":"","overlay-type":"","overlay-color":"","overlay-opacity":"","overlay-gradient":""},"tablet":{"background-color":"","background-image":"","background-repeat":"repeat","background-position":"center center","background-size":"auto","background-attachment":"scroll","background-type":"","background-media":"","overlay-type":"","overlay-color":"","overlay-opacity":"","overlay-gradient":""},"mobile":{"background-color":"","background-image":"","background-repeat":"repeat","background-position":"center center","background-size":"auto","background-attachment":"scroll","background-type":"","background-media":"","overlay-type":"","overlay-color":"","overlay-opacity":"","overlay-gradient":""}},"ast-content-background-meta":{"desktop":{"background-color":"var(--ast-global-color-5)","background-image":"","background-repeat":"repeat","background-position":"center center","background-size":"auto","background-attachment":"scroll","background-type":"","background-media":"","overlay-type":"","overlay-color":"","overlay-opacity":"","overlay-gradient":""},"tablet":{"background-color":"var(--ast-global-color-5)","background-image":"","background-repeat":"repeat","background-position":"center center","background-size":"auto","background-attachment":"scroll","background-type":"","background-media":"","overlay-type":"","overlay-color":"","overlay-opacity":"","overlay-gradient":""},"mobile":{"background-color":"var(--ast-global-color-5)","background-image":"","background-repeat":"repeat","background-position":"center center","background-size":"auto","background-attachment":"scroll","background-type":"","background-media":"","overlay-type":"","overlay-color":"","overlay-opacity":"","overlay-gradient":""}},"footnotes":""},"class_list":["post-3","page","type-page","status-publish","hentry"],"yoast_head":"<!-- This site is optimized with the Yoast SEO Premium plugin v26.2 (Yoast SEO v26.2) - https:\/\/yoast.com\/wordpress\/plugins\/seo\/ -->\n<title>Privacy Policy - Graham Miranda SEO<\/title>\n<meta name=\"description\" content=\"Read Graham Miranda SEO\u2019s Privacy Policy to learn how we collect, use, share, and protect your personal data. Hosted in Los Angeles, GDPR and CCPA compliant.\" \/>\n<meta name=\"robots\" content=\"index, follow, max-snippet:-1, max-image-preview:large, max-video-preview:-1\" \/>\n<link rel=\"canonical\" href=\"https:\/\/seo.grahammiranda.com\/de\/legal\/datenschutzbestimmungen\/\" \/>\n<meta property=\"og:locale\" content=\"de_DE\" \/>\n<meta property=\"og:type\" content=\"article\" \/>\n<meta property=\"og:title\" content=\"Privacy Policy\" \/>\n<meta property=\"og:description\" content=\"Read Graham Miranda SEO\u2019s Privacy Policy to learn how we collect, use, share, and protect your personal data. Hosted in Los Angeles, GDPR and CCPA compliant.\" \/>\n<meta property=\"og:url\" content=\"https:\/\/seo.grahammiranda.com\/de\/legal\/datenschutzbestimmungen\/\" \/>\n<meta property=\"og:site_name\" content=\"Graham Miranda SEO\" \/>\n<meta property=\"article:modified_time\" content=\"2025-10-12T21:39:53+00:00\" \/>\n<meta name=\"twitter:card\" content=\"summary_large_image\" \/>\n<meta name=\"twitter:label1\" content=\"Gesch\u00e4tzte Lesezeit\" \/>\n\t<meta name=\"twitter:data1\" content=\"3\u00a0Minuten\" \/>\n<script type=\"application\/ld+json\" class=\"yoast-schema-graph\">{\"@context\":\"https:\/\/schema.org\",\"@graph\":[{\"@type\":\"WebPage\",\"@id\":\"https:\/\/seo.grahammiranda.com\/de\/legal\/datenschutzbestimmungen\/\",\"url\":\"https:\/\/seo.grahammiranda.com\/de\/legal\/datenschutzbestimmungen\/\",\"name\":\"Privacy Policy - Graham Miranda SEO\",\"isPartOf\":{\"@id\":\"https:\/\/seo.grahammiranda.com\/de\/#website\"},\"datePublished\":\"2025-08-06T18:19:53+00:00\",\"dateModified\":\"2025-10-12T21:39:53+00:00\",\"description\":\"Read Graham Miranda SEO\u2019s Privacy Policy to learn how we collect, use, share, and protect your personal data. Hosted in Los Angeles, GDPR and CCPA compliant.\",\"breadcrumb\":{\"@id\":\"https:\/\/seo.grahammiranda.com\/de\/legal\/datenschutzbestimmungen\/#breadcrumb\"},\"inLanguage\":\"de\",\"potentialAction\":[{\"@type\":\"ReadAction\",\"target\":[\"https:\/\/seo.grahammiranda.com\/de\/legal\/datenschutzbestimmungen\/\"]}]},{\"@type\":\"BreadcrumbList\",\"@id\":\"https:\/\/seo.grahammiranda.com\/de\/legal\/datenschutzbestimmungen\/#breadcrumb\",\"itemListElement\":[{\"@type\":\"ListItem\",\"position\":1,\"name\":\"Home\",\"item\":\"https:\/\/seo.grahammiranda.com\/\"},{\"@type\":\"ListItem\",\"position\":2,\"name\":\"Privacy Policy\"}]},{\"@type\":\"WebSite\",\"@id\":\"https:\/\/seo.grahammiranda.com\/de\/#website\",\"url\":\"https:\/\/seo.grahammiranda.com\/de\/\",\"name\":\"Graham Miranda SEO\",\"description\":\"Professional SEO Backlink Services | Boost Rankings | Graham Miranda\",\"publisher\":{\"@id\":\"https:\/\/seo.grahammiranda.com\/de\/#organization\"},\"potentialAction\":[{\"@type\":\"SearchAction\",\"target\":{\"@type\":\"EntryPoint\",\"urlTemplate\":\"https:\/\/seo.grahammiranda.com\/de\/?s={search_term_string}\"},\"query-input\":{\"@type\":\"PropertyValueSpecification\",\"valueRequired\":true,\"valueName\":\"search_term_string\"}}],\"inLanguage\":\"de\"},{\"@type\":\"Organization\",\"@id\":\"https:\/\/seo.grahammiranda.com\/de\/#organization\",\"name\":\"Graham Miranda SEO\",\"url\":\"https:\/\/seo.grahammiranda.com\/de\/\",\"logo\":{\"@type\":\"ImageObject\",\"inLanguage\":\"de\",\"@id\":\"https:\/\/seo.grahammiranda.com\/de\/#\/schema\/logo\/image\/\",\"url\":\"https:\/\/seo.grahammiranda.com\/wp-content\/uploads\/2025\/09\/generated_image_10-1.webp\",\"contentUrl\":\"https:\/\/seo.grahammiranda.com\/wp-content\/uploads\/2025\/09\/generated_image_10-1.webp\",\"width\":1024,\"height\":1024,\"caption\":\"Graham Miranda SEO\"},\"image\":{\"@id\":\"https:\/\/seo.grahammiranda.com\/de\/#\/schema\/logo\/image\/\"},\"hasMerchantReturnPolicy\":{\"@type\":\"MerchantReturnPolicy\",\"merchantReturnLink\":\"https:\/\/seo.grahammiranda.com\/de\/legal\/erstattungsrichtlinie\/\"}}]}<\/script>\n<!-- \/ Yoast SEO Premium plugin. -->","yoast_head_json":{"title":"Datenschutzrichtlinie - Graham Miranda SEO","description":"Lesen Sie die Datenschutzrichtlinie von Graham Miranda SEO, um zu erfahren, wie wir Ihre pers\u00f6nlichen Daten sammeln, verwenden, weitergeben und sch\u00fctzen. Gehostet in Los Angeles, GDPR- und CCPA-konform.","robots":{"index":"index","follow":"follow","max-snippet":"max-snippet:-1","max-image-preview":"max-image-preview:large","max-video-preview":"max-video-preview:-1"},"canonical":"https:\/\/seo.grahammiranda.com\/de\/legal\/datenschutzbestimmungen\/","og_locale":"de_DE","og_type":"article","og_title":"Privacy Policy","og_description":"Read Graham Miranda SEO\u2019s Privacy Policy to learn how we collect, use, share, and protect your personal data. Hosted in Los Angeles, GDPR and CCPA compliant.","og_url":"https:\/\/seo.grahammiranda.com\/de\/legal\/datenschutzbestimmungen\/","og_site_name":"Graham Miranda SEO","article_modified_time":"2025-10-12T21:39:53+00:00","twitter_card":"summary_large_image","twitter_misc":{"Gesch\u00e4tzte Lesezeit":"3\u00a0Minuten"},"schema":{"@context":"https:\/\/schema.org","@graph":[{"@type":"WebPage","@id":"https:\/\/seo.grahammiranda.com\/de\/legal\/datenschutzbestimmungen\/","url":"https:\/\/seo.grahammiranda.com\/de\/legal\/datenschutzbestimmungen\/","name":"Datenschutzrichtlinie - Graham Miranda SEO","isPartOf":{"@id":"https:\/\/seo.grahammiranda.com\/de\/#website"},"datePublished":"2025-08-06T18:19:53+00:00","dateModified":"2025-10-12T21:39:53+00:00","description":"Lesen Sie die Datenschutzrichtlinie von Graham Miranda SEO, um zu erfahren, wie wir Ihre pers\u00f6nlichen Daten sammeln, verwenden, weitergeben und sch\u00fctzen. Gehostet in Los Angeles, GDPR- und CCPA-konform.","breadcrumb":{"@id":"https:\/\/seo.grahammiranda.com\/de\/legal\/datenschutzbestimmungen\/#breadcrumb"},"inLanguage":"de","potentialAction":[{"@type":"ReadAction","target":["https:\/\/seo.grahammiranda.com\/de\/legal\/datenschutzbestimmungen\/"]}]},{"@type":"BreadcrumbList","@id":"https:\/\/seo.grahammiranda.com\/de\/legal\/datenschutzbestimmungen\/#breadcrumb","itemListElement":[{"@type":"ListItem","position":1,"name":"Home","item":"https:\/\/seo.grahammiranda.com\/"},{"@type":"ListItem","position":2,"name":"Privacy Policy"}]},{"@type":"WebSite","@id":"https:\/\/seo.grahammiranda.com\/de\/#website","url":"https:\/\/seo.grahammiranda.com\/de\/","name":"Graham Miranda SEO","description":"Professionelle SEO Backlink Dienstleistungen | Boost Rankings | Graham Miranda","publisher":{"@id":"https:\/\/seo.grahammiranda.com\/de\/#organization"},"potentialAction":[{"@type":"SearchAction","target":{"@type":"EntryPoint","urlTemplate":"https:\/\/seo.grahammiranda.com\/de\/?s={search_term_string}"},"query-input":{"@type":"PropertyValueSpecification","valueRequired":true,"valueName":"search_term_string"}}],"inLanguage":"de"},{"@type":"Organization","@id":"https:\/\/seo.grahammiranda.com\/de\/#organization","name":"Graham Miranda SEO","url":"https:\/\/seo.grahammiranda.com\/de\/","logo":{"@type":"ImageObject","inLanguage":"de","@id":"https:\/\/seo.grahammiranda.com\/de\/#\/schema\/logo\/image\/","url":"https:\/\/seo.grahammiranda.com\/wp-content\/uploads\/2025\/09\/generated_image_10-1.webp","contentUrl":"https:\/\/seo.grahammiranda.com\/wp-content\/uploads\/2025\/09\/generated_image_10-1.webp","width":1024,"height":1024,"caption":"Graham Miranda SEO"},"image":{"@id":"https:\/\/seo.grahammiranda.com\/de\/#\/schema\/logo\/image\/"},"hasMerchantReturnPolicy":{"@type":"MerchantReturnPolicy","merchantReturnLink":"https:\/\/seo.grahammiranda.com\/de\/legal\/erstattungsrichtlinie\/"}}]}},"_links":{"self":[{"href":"https:\/\/seo.grahammiranda.com\/de\/wp-json\/wp\/v2\/pages\/3","targetHints":{"allow":["GET"]}}],"collection":[{"href":"https:\/\/seo.grahammiranda.com\/de\/wp-json\/wp\/v2\/pages"}],"about":[{"href":"https:\/\/seo.grahammiranda.com\/de\/wp-json\/wp\/v2\/types\/page"}],"author":[{"embeddable":true,"href":"https:\/\/seo.grahammiranda.com\/de\/wp-json\/wp\/v2\/users\/2"}],"replies":[{"embeddable":true,"href":"https:\/\/seo.grahammiranda.com\/de\/wp-json\/wp\/v2\/comments?post=3"}],"version-history":[{"count":5,"href":"https:\/\/seo.grahammiranda.com\/de\/wp-json\/wp\/v2\/pages\/3\/revisions"}],"predecessor-version":[{"id":4192,"href":"https:\/\/seo.grahammiranda.com\/de\/wp-json\/wp\/v2\/pages\/3\/revisions\/4192"}],"wp:attachment":[{"href":"https:\/\/seo.grahammiranda.com\/de\/wp-json\/wp\/v2\/media?parent=3"}],"curies":[{"name":"wp","href":"https:\/\/api.w.org\/{rel}","templated":true}]}}