{"id":4146,"date":"2025-10-10T19:23:04","date_gmt":"2025-10-10T17:23:04","guid":{"rendered":"https:\/\/seo.grahammiranda.com\/?page_id=4146"},"modified":"2025-10-10T19:24:29","modified_gmt":"2025-10-10T17:24:29","slug":"widerrufsbelehrung-und-ruckerstattungsrichtlinie","status":"publish","type":"page","link":"https:\/\/seo.grahammiranda.com\/de\/legal\/widerrufsbelehrung\/","title":{"rendered":"WIDERRUFSBELEHRUNG UND R\u00dcCKERSTATTUNGSRICHTLINIE"},"content":{"rendered":"<p><strong>Widerrufsbelehrung und R\u00fcckerstattungsrichtlinie<\/strong><\/p>\n\n\n\n<p><strong>Widerrufsrecht f\u00fcr Verbraucher<\/strong><\/p>\n\n\n\n<p>Verbrauchern steht nach Ma\u00dfgabe der gesetzlichen Bestimmungen ein Widerrufsrecht zu:<\/p>\n\n\n\n<p><strong>Widerrufsbelehrung<\/strong><\/p>\n\n\n\n<p>Sie haben das Recht, binnen vierzehn Tagen ohne Angabe von Gr\u00fcnden diesen Vertrag zu widerrufen.<\/p>\n\n\n\n<p>Die Widerrufsfrist betr\u00e4gt vierzehn Tage ab dem Tag des Vertragsschlusses.<\/p>\n\n\n\n\n\n<p><strong>Folgen des Widerrufs<\/strong><\/p>\n\n\n\n<p>Wenn Sie diesen Vertrag widerrufen, haben wir Ihnen alle Zahlungen, die wir von Ihnen erhalten haben, unverz\u00fcglich und sp\u00e4testens binnen vierzehn Tagen ab dem Tag zur\u00fcckzuzahlen, an dem die Mitteilung \u00fcber Ihren Widerruf dieses Vertrags bei uns eingegangen ist.<\/p>\n\n\n\n<p><strong>Besondere Bestimmungen f\u00fcr digitale Dienstleistungen<\/strong><\/p>\n\n\n\n<p>Bei SEO-Dienstleistungen, die bereits begonnen wurden:<\/p>\n\n\n\n<ul class=\"wp-block-list\">\n<li>Das Widerrufsrecht erlischt bei digitalen Dienstleistungen, wenn die Leistung vollst\u00e4ndig erbracht wurde und Sie vor Beginn der Ausf\u00fchrung ausdr\u00fccklich zugestimmt haben, dass mit der Ausf\u00fchrung begonnen wird und Sie zur Kenntnis genommen haben, dass Sie durch Ihre Zustimmung Ihr Widerrufsrecht verlieren.<\/li>\n<\/ul>\n\n\n\n<p><strong>R\u00fcckerstattungsrichtlinie f\u00fcr Reseller-Dienstleistungen<\/strong><\/p>\n\n\n\n<p>Da wir ausschlie\u00dflich als Reseller fungieren:<\/p>\n\n\n\n<ol class=\"wp-block-list\">\n<li><strong>Bereits erbrachte Leistungen<\/strong>: Nach Beginn der SEO-Arbeiten durch unsere Drittanbieter sind R\u00fcckerstattungen nur in Ausnahmef\u00e4llen m\u00f6glich.<\/li>\n\n\n\n<li><strong>Nicht erbrachte Leistungen<\/strong>: Wurden noch keine Arbeiten begonnen, erfolgt eine vollst\u00e4ndige R\u00fcckerstattung nach Abzug eventueller Bearbeitungsgeb\u00fchren der Drittanbieter.<\/li>\n\n\n\n<li><strong>Drittanbieter-Richtlinien<\/strong>: R\u00fcckerstattungen unterliegen den Gesch\u00e4ftsbedingungen unserer jeweiligen Drittanbieter.<\/li>\n\n\n\n<li><strong>Rechtliche Grundlage<\/strong>: Diese Regelung entspricht den deutschen Verbraucherschutzbestimmungen f\u00fcr digitale Dienstleistungen nach BGB \u00a7 356.<\/li>\n<\/ol>\n\n\n\n<p><strong>Online-Widerrufsfunktion<\/strong><\/p>\n\n\n\n<p>Ab dem 19. Juni 2026 wird gem\u00e4\u00df der geplanten Umsetzung der EU-Richtlinie 2023\/2673 eine Online-Widerrufsfunktion auf unserer Website verf\u00fcgbar sein.<\/p>","protected":false},"excerpt":{"rendered":"<p>Widerrufsbelehrung und R\u00fcckerstattungsrichtlinie Widerrufsrecht f\u00fcr Verbraucher Verbrauchern steht nach Ma\u00dfgabe der gesetzlichen Bestimmungen ein Widerrufsrecht zu: Widerrufsbelehrung Sie haben das [&hellip;]<\/p>","protected":false},"author":2,"featured_media":0,"parent":0,"menu_order":0,"comment_status":"closed","ping_status":"closed","template":"","meta":{"site-sidebar-layout":"default","site-content-layout":"","ast-site-content-layout":"default","site-content-style":"default","site-sidebar-style":"default","ast-global-header-display":"","ast-banner-title-visibility":"","ast-main-header-display":"","ast-hfb-above-header-display":"","ast-hfb-below-header-display":"","ast-hfb-mobile-header-display":"","site-post-title":"","ast-breadcrumbs-content":"","ast-featured-img":"","footer-sml-layout":"","theme-transparent-header-meta":"","adv-header-id-meta":"","stick-header-meta":"","header-above-stick-meta":"","header-main-stick-meta":"","header-below-stick-meta":"","astra-migrate-meta-layouts":"set","ast-page-background-enabled":"default","ast-page-background-meta":{"desktop":{"background-color":"var(--ast-global-color-4)","background-image":"","background-repeat":"repeat","background-position":"center center","background-size":"auto","background-attachment":"scroll","background-type":"","background-media":"","overlay-type":"","overlay-color":"","overlay-opacity":"","overlay-gradient":""},"tablet":{"background-color":"","background-image":"","background-repeat":"repeat","background-position":"center center","background-size":"auto","background-attachment":"scroll","background-type":"","background-media":"","overlay-type":"","overlay-color":"","overlay-opacity":"","overlay-gradient":""},"mobile":{"background-color":"","background-image":"","background-repeat":"repeat","background-position":"center center","background-size":"auto","background-attachment":"scroll","background-type":"","background-media":"","overlay-type":"","overlay-color":"","overlay-opacity":"","overlay-gradient":""}},"ast-content-background-meta":{"desktop":{"background-color":"var(--ast-global-color-5)","background-image":"","background-repeat":"repeat","background-position":"center center","background-size":"auto","background-attachment":"scroll","background-type":"","background-media":"","overlay-type":"","overlay-color":"","overlay-opacity":"","overlay-gradient":""},"tablet":{"background-color":"var(--ast-global-color-5)","background-image":"","background-repeat":"repeat","background-position":"center center","background-size":"auto","background-attachment":"scroll","background-type":"","background-media":"","overlay-type":"","overlay-color":"","overlay-opacity":"","overlay-gradient":""},"mobile":{"background-color":"var(--ast-global-color-5)","background-image":"","background-repeat":"repeat","background-position":"center center","background-size":"auto","background-attachment":"scroll","background-type":"","background-media":"","overlay-type":"","overlay-color":"","overlay-opacity":"","overlay-gradient":""}},"footnotes":""},"class_list":["post-4146","page","type-page","status-publish","hentry"],"yoast_head":"<!-- This site is optimized with the Yoast SEO Premium plugin v26.2 (Yoast SEO v26.2) - https:\/\/yoast.com\/wordpress\/plugins\/seo\/ -->\n<title>Widerrufsbelehrung Graham Miranda SEO - R\u00fcckerstattungsrichtlinie DSGVO - Graham Miranda SEO<\/title>\n<meta name=\"description\" content=\"Widerrufsbelehrung und R\u00fcckerstattungsrichtlinie f\u00fcr Graham Miranda SEO - Verbraucherrechte, R\u00fcckgabebestimmungen f\u00fcr digitale Dienstleistungen nach BGB.\" \/>\n<meta name=\"robots\" content=\"index, follow, max-snippet:-1, max-image-preview:large, max-video-preview:-1\" \/>\n<link rel=\"canonical\" href=\"https:\/\/seo.grahammiranda.com\/de\/legal\/widerrufsbelehrung\/\" \/>\n<meta property=\"og:locale\" content=\"de_DE\" \/>\n<meta property=\"og:type\" content=\"article\" \/>\n<meta property=\"og:title\" content=\"WIDERRUFSBELEHRUNG UND R\u00dcCKERSTATTUNGSRICHTLINIE\" \/>\n<meta property=\"og:description\" content=\"Widerrufsbelehrung und R\u00fcckerstattungsrichtlinie f\u00fcr Graham Miranda SEO - Verbraucherrechte, R\u00fcckgabebestimmungen f\u00fcr digitale Dienstleistungen nach BGB.\" \/>\n<meta property=\"og:url\" content=\"https:\/\/seo.grahammiranda.com\/de\/legal\/widerrufsbelehrung\/\" \/>\n<meta property=\"og:site_name\" content=\"Graham Miranda SEO\" \/>\n<meta property=\"article:modified_time\" content=\"2025-10-10T17:24:29+00:00\" \/>\n<meta name=\"twitter:card\" content=\"summary_large_image\" \/>\n<meta name=\"twitter:label1\" content=\"Gesch\u00e4tzte Lesezeit\" \/>\n\t<meta name=\"twitter:data1\" content=\"2\u00a0Minuten\" \/>\n<script type=\"application\/ld+json\" class=\"yoast-schema-graph\">{\"@context\":\"https:\/\/schema.org\",\"@graph\":[{\"@type\":\"WebPage\",\"@id\":\"https:\/\/seo.grahammiranda.com\/de\/legal\/widerrufsbelehrung\/\",\"url\":\"https:\/\/seo.grahammiranda.com\/de\/legal\/widerrufsbelehrung\/\",\"name\":\"Widerrufsbelehrung Graham Miranda SEO - R\u00fcckerstattungsrichtlinie DSGVO - Graham Miranda SEO\",\"isPartOf\":{\"@id\":\"https:\/\/seo.grahammiranda.com\/de\/#website\"},\"datePublished\":\"2025-10-10T17:23:04+00:00\",\"dateModified\":\"2025-10-10T17:24:29+00:00\",\"description\":\"Widerrufsbelehrung und R\u00fcckerstattungsrichtlinie f\u00fcr Graham Miranda SEO - Verbraucherrechte, R\u00fcckgabebestimmungen f\u00fcr digitale Dienstleistungen nach BGB.\",\"breadcrumb\":{\"@id\":\"https:\/\/seo.grahammiranda.com\/de\/legal\/widerrufsbelehrung\/#breadcrumb\"},\"inLanguage\":\"de\",\"potentialAction\":[{\"@type\":\"ReadAction\",\"target\":[\"https:\/\/seo.grahammiranda.com\/de\/legal\/widerrufsbelehrung\/\"]}]},{\"@type\":\"BreadcrumbList\",\"@id\":\"https:\/\/seo.grahammiranda.com\/de\/legal\/widerrufsbelehrung\/#breadcrumb\",\"itemListElement\":[{\"@type\":\"ListItem\",\"position\":1,\"name\":\"Home\",\"item\":\"https:\/\/seo.grahammiranda.com\/\"},{\"@type\":\"ListItem\",\"position\":2,\"name\":\"WIDERRUFSBELEHRUNG UND R\u00dcCKERSTATTUNGSRICHTLINIE\"}]},{\"@type\":\"WebSite\",\"@id\":\"https:\/\/seo.grahammiranda.com\/de\/#website\",\"url\":\"https:\/\/seo.grahammiranda.com\/de\/\",\"name\":\"Graham Miranda SEO\",\"description\":\"Professional SEO Backlink Services | Boost Rankings | Graham Miranda\",\"publisher\":{\"@id\":\"https:\/\/seo.grahammiranda.com\/de\/#organization\"},\"potentialAction\":[{\"@type\":\"SearchAction\",\"target\":{\"@type\":\"EntryPoint\",\"urlTemplate\":\"https:\/\/seo.grahammiranda.com\/de\/?s={search_term_string}\"},\"query-input\":{\"@type\":\"PropertyValueSpecification\",\"valueRequired\":true,\"valueName\":\"search_term_string\"}}],\"inLanguage\":\"de\"},{\"@type\":\"Organization\",\"@id\":\"https:\/\/seo.grahammiranda.com\/de\/#organization\",\"name\":\"Graham Miranda SEO\",\"url\":\"https:\/\/seo.grahammiranda.com\/de\/\",\"logo\":{\"@type\":\"ImageObject\",\"inLanguage\":\"de\",\"@id\":\"https:\/\/seo.grahammiranda.com\/de\/#\/schema\/logo\/image\/\",\"url\":\"https:\/\/seo.grahammiranda.com\/wp-content\/uploads\/2025\/09\/generated_image_10-1.webp\",\"contentUrl\":\"https:\/\/seo.grahammiranda.com\/wp-content\/uploads\/2025\/09\/generated_image_10-1.webp\",\"width\":1024,\"height\":1024,\"caption\":\"Graham Miranda SEO\"},\"image\":{\"@id\":\"https:\/\/seo.grahammiranda.com\/de\/#\/schema\/logo\/image\/\"},\"hasMerchantReturnPolicy\":{\"@type\":\"MerchantReturnPolicy\",\"merchantReturnLink\":\"https:\/\/seo.grahammiranda.com\/de\/legal\/erstattungsrichtlinie\/\"}}]}<\/script>\n<!-- \/ Yoast SEO Premium plugin. -->","yoast_head_json":{"title":"Widerrufsbelehrung Graham Miranda SEO - R\u00fcckerstattungsrichtlinie DSGVO - Graham Miranda SEO","description":"Widerrufsbelehrung und R\u00fcckerstattungsrichtlinie f\u00fcr Graham Miranda SEO - Verbraucherrechte, R\u00fcckgabebestimmungen f\u00fcr digitale Dienstleistungen nach BGB.","robots":{"index":"index","follow":"follow","max-snippet":"max-snippet:-1","max-image-preview":"max-image-preview:large","max-video-preview":"max-video-preview:-1"},"canonical":"https:\/\/seo.grahammiranda.com\/de\/legal\/widerrufsbelehrung\/","og_locale":"de_DE","og_type":"article","og_title":"WIDERRUFSBELEHRUNG UND R\u00dcCKERSTATTUNGSRICHTLINIE","og_description":"Widerrufsbelehrung und R\u00fcckerstattungsrichtlinie f\u00fcr Graham Miranda SEO - Verbraucherrechte, R\u00fcckgabebestimmungen f\u00fcr digitale Dienstleistungen nach BGB.","og_url":"https:\/\/seo.grahammiranda.com\/de\/legal\/widerrufsbelehrung\/","og_site_name":"Graham Miranda SEO","article_modified_time":"2025-10-10T17:24:29+00:00","twitter_card":"summary_large_image","twitter_misc":{"Gesch\u00e4tzte Lesezeit":"2\u00a0Minuten"},"schema":{"@context":"https:\/\/schema.org","@graph":[{"@type":"WebPage","@id":"https:\/\/seo.grahammiranda.com\/de\/legal\/widerrufsbelehrung\/","url":"https:\/\/seo.grahammiranda.com\/de\/legal\/widerrufsbelehrung\/","name":"Widerrufsbelehrung Graham Miranda SEO - R\u00fcckerstattungsrichtlinie DSGVO - Graham Miranda SEO","isPartOf":{"@id":"https:\/\/seo.grahammiranda.com\/de\/#website"},"datePublished":"2025-10-10T17:23:04+00:00","dateModified":"2025-10-10T17:24:29+00:00","description":"Widerrufsbelehrung und R\u00fcckerstattungsrichtlinie f\u00fcr Graham Miranda SEO - Verbraucherrechte, R\u00fcckgabebestimmungen f\u00fcr digitale Dienstleistungen nach BGB.","breadcrumb":{"@id":"https:\/\/seo.grahammiranda.com\/de\/legal\/widerrufsbelehrung\/#breadcrumb"},"inLanguage":"de","potentialAction":[{"@type":"ReadAction","target":["https:\/\/seo.grahammiranda.com\/de\/legal\/widerrufsbelehrung\/"]}]},{"@type":"BreadcrumbList","@id":"https:\/\/seo.grahammiranda.com\/de\/legal\/widerrufsbelehrung\/#breadcrumb","itemListElement":[{"@type":"ListItem","position":1,"name":"Home","item":"https:\/\/seo.grahammiranda.com\/"},{"@type":"ListItem","position":2,"name":"WIDERRUFSBELEHRUNG UND R\u00dcCKERSTATTUNGSRICHTLINIE"}]},{"@type":"WebSite","@id":"https:\/\/seo.grahammiranda.com\/de\/#website","url":"https:\/\/seo.grahammiranda.com\/de\/","name":"Graham Miranda SEO","description":"Professionelle SEO Backlink Dienstleistungen | Boost Rankings | Graham Miranda","publisher":{"@id":"https:\/\/seo.grahammiranda.com\/de\/#organization"},"potentialAction":[{"@type":"SearchAction","target":{"@type":"EntryPoint","urlTemplate":"https:\/\/seo.grahammiranda.com\/de\/?s={search_term_string}"},"query-input":{"@type":"PropertyValueSpecification","valueRequired":true,"valueName":"search_term_string"}}],"inLanguage":"de"},{"@type":"Organization","@id":"https:\/\/seo.grahammiranda.com\/de\/#organization","name":"Graham Miranda SEO","url":"https:\/\/seo.grahammiranda.com\/de\/","logo":{"@type":"ImageObject","inLanguage":"de","@id":"https:\/\/seo.grahammiranda.com\/de\/#\/schema\/logo\/image\/","url":"https:\/\/seo.grahammiranda.com\/wp-content\/uploads\/2025\/09\/generated_image_10-1.webp","contentUrl":"https:\/\/seo.grahammiranda.com\/wp-content\/uploads\/2025\/09\/generated_image_10-1.webp","width":1024,"height":1024,"caption":"Graham Miranda SEO"},"image":{"@id":"https:\/\/seo.grahammiranda.com\/de\/#\/schema\/logo\/image\/"},"hasMerchantReturnPolicy":{"@type":"MerchantReturnPolicy","merchantReturnLink":"https:\/\/seo.grahammiranda.com\/de\/legal\/erstattungsrichtlinie\/"}}]}},"_links":{"self":[{"href":"https:\/\/seo.grahammiranda.com\/de\/wp-json\/wp\/v2\/pages\/4146","targetHints":{"allow":["GET"]}}],"collection":[{"href":"https:\/\/seo.grahammiranda.com\/de\/wp-json\/wp\/v2\/pages"}],"about":[{"href":"https:\/\/seo.grahammiranda.com\/de\/wp-json\/wp\/v2\/types\/page"}],"author":[{"embeddable":true,"href":"https:\/\/seo.grahammiranda.com\/de\/wp-json\/wp\/v2\/users\/2"}],"replies":[{"embeddable":true,"href":"https:\/\/seo.grahammiranda.com\/de\/wp-json\/wp\/v2\/comments?post=4146"}],"version-history":[{"count":1,"href":"https:\/\/seo.grahammiranda.com\/de\/wp-json\/wp\/v2\/pages\/4146\/revisions"}],"predecessor-version":[{"id":4147,"href":"https:\/\/seo.grahammiranda.com\/de\/wp-json\/wp\/v2\/pages\/4146\/revisions\/4147"}],"wp:attachment":[{"href":"https:\/\/seo.grahammiranda.com\/de\/wp-json\/wp\/v2\/media?parent=4146"}],"curies":[{"name":"wp","href":"https:\/\/api.w.org\/{rel}","templated":true}]}}