{"id":4151,"date":"2025-10-10T22:36:58","date_gmt":"2025-10-10T20:36:58","guid":{"rendered":"https:\/\/seo.grahammiranda.com\/?page_id=4151"},"modified":"2025-10-12T16:54:20","modified_gmt":"2025-10-12T14:54:20","slug":"datenschutzerklarung-graham-miranda-seo-dsgvo-ttdsg-konform","status":"publish","type":"page","link":"https:\/\/seo.grahammiranda.com\/de\/legal\/datenschutz\/","title":{"rendered":"DATENSCHUTZERKL\u00c4RUNG"},"content":{"rendered":"<p><strong>Datenschutzerkl\u00e4rung f\u00fcr Graham Miranda SEO<\/strong><\/p>\n\n\n\n<p><strong>1. Datenschutz auf einen Blick<\/strong><\/p>\n\n\n\n<p><strong>Allgemeine Hinweise<\/strong><br>Die folgenden Hinweise geben einen einfachen \u00dcberblick dar\u00fcber, was mit Ihren personenbezogenen Daten passiert, wenn Sie unsere Website besuchen. Personenbezogene Daten sind alle Daten, mit denen Sie pers\u00f6nlich identifiziert werden k\u00f6nnen.<\/p>\n\n\n\n<p><strong>Datenerfassung auf unserer Website<\/strong><\/p>\n\n\n\n<p><em>Wer ist verantwortlich f\u00fcr die Datenerfassung auf dieser Website?<\/em><br>Die Datenverarbeitung auf dieser Website erfolgt durch den Websitebetreiber Graham Miranda, Hasselfelder Str. 23, 38889 Blankenburg (Harz), Deutschland.<\/p>\n\n\n\n<p><em>Wie erfassen wir Ihre Daten?<\/em><br>Ihre Daten werden zum einen dadurch erhoben, dass Sie uns diese mitteilen, zum anderen werden Daten automatisch beim Besuch der Website durch unsere IT-Systeme erfasst.<\/p>\n\n\n\n<p><strong>2. Verantwortlicher<\/strong><\/p>\n\n\n\n<p>Verantwortlicher im Sinne der Datenschutz-Grundverordnung, sonstiger in den Mitgliedstaaten der Europ\u00e4ischen Union geltender Datenschutzgesetze und anderer Bestimmungen mit datenschutzrechtlichem Charakter ist:<\/p>\n\n\n\n<p>Graham Miranda<br>Hasselfelder Str. 23<br>38889 Blankenburg (Harz)<br>Deutschland<br>Telefon: +49 15678 397267<br>E-Mail: graham@grahammiranda.com<\/p>\n\n\n\n<p><strong>3. Internationale Daten\u00fcbertragung<\/strong><\/p>\n\n\n\n<p><strong>Wichtiger Hinweis<\/strong>: Unsere technische Infrastruktur nutzt Server in verschiedenen L\u00e4ndern:<\/p>\n\n\n\n<ul class=\"wp-block-list\">\n<li>Server-Hosting: RackNerd (Frankreich und USA)<\/li>\n\n\n\n<li>CDN-Dienst: Cloudflare und BunnyCDN (global)<\/li>\n\n\n\n<li>E-Mail-Hosting: RackNerd (USA, Los Angeles), Apple iCloud Custom Domain (USA und EU)<\/li>\n<\/ul>\n\n\n\n<p>Ihre Daten k\u00f6nnen daher in L\u00e4nder au\u00dferhalb der EU\/des EWR \u00fcbertragen werden, insbesondere in die USA. Die Daten\u00fcbertragung erfolgt auf Grundlage von Angemessenheitsbeschl\u00fcssen oder geeigneten Garantien gem\u00e4\u00df Art. 44 ff. DSGVO.<\/p>\n\n\n\n<p><strong>4. Datenerfassung auf unserer Website<\/strong><\/p>\n\n\n\n<p><strong>Server-Log-Dateien<\/strong><br>Der Provider der Seiten erhebt und speichert automatisch Informationen in sog. Server-Log-Dateien. Server-Log-Dateien, die Ihr Browser automatisch an uns \u00fcbermittelt. Dies sind:<\/p>\n\n\n\n<ul class=\"wp-block-list\">\n<li>Browsertyp und Browserversion<\/li>\n\n\n\n<li>verwendetes Betriebssystem<\/li>\n\n\n\n<li>Referrer URL<\/li>\n\n\n\n<li>Hostname des zugreifenden Rechners<\/li>\n\n\n\n<li>Uhrzeit der Serveranfrage<\/li>\n\n\n\n<li>IP-Adresse<\/li>\n<\/ul>\n\n\n\n<p>Rechtsgrundlage f\u00fcr die Datenverarbeitung ist Art. 6 Abs.. 1 lit. f DSGVO.<\/p>\n\n\n\n<p><strong>Cookies<\/strong><br>Die Internetseiten verwenden teilweise so genannte Cookies. Die Rechtsgrundlage f\u00fcr die Verarbeitung personenbezogener Daten unter Verwendung technisch notwendiger Cookies ist Art. 6 Abs.. 1 lit. f DSGVO. Alle anderen Cookies werden nur mit Ihrer Einwilligung gesetzt (Art. 6 Abs. 1 lit. a DSGVO, \u00a7 25 TTDSG).<\/p>\n\n\n\n<p><strong>5. Kontakt und Kommunikation<\/strong><\/p>\n\n\n\n<p>Wenn Sie uns per E-Mail oder Kontaktformular kontaktieren, werden Ihre Angaben zur Bearbeitung der Anfrage gespeichert. Die Daten werden nicht weitergegeben. Die Verarbeitung erfolgt auf Grundlage von Art. 6 Abs. 1 lit. b DSGVO.<\/p>\n\n\n\n<p><strong>6. Ihre Rechte<\/strong><\/p>\n\n\n\n<p>Sie haben folgende Rechte:<\/p>\n\n\n\n<ul class=\"wp-block-list\">\n<li>Recht auf Auskunft (Art. 15 DSGVO)<\/li>\n\n\n\n<li>Recht auf Berichtigung (Art. 16 DSGVO)<\/li>\n\n\n\n<li>Recht auf L\u00f6schung (Art. 17 DSGVO)<\/li>\n\n\n\n<li>Recht auf Einschr\u00e4nkung (Art. 18 DSGVO)<\/li>\n\n\n\n<li>Recht auf Daten\u00fcbertragbarkeit (Art. 20 DSGVO)<\/li>\n\n\n\n<li>Recht auf Widerspruch (Art. 21 DSGVO)<\/li>\n\n\n\n<li>Recht auf Beschwerde bei einer Aufsichtsbeh\u00f6rde<\/li>\n<\/ul>\n\n\n\n<p><strong>7. SSL- bzw. TLS-Verschl\u00fcsselung<\/strong><\/p>\n\n\n\n<p>Diese Seite nutzt aus Sicherheitsgr\u00fcnden eine SSL-bzw. TLS-Verschl\u00fcsselung \u00fcber Cloudflare.<\/p>\n\n\n\n<p><strong>8. Aufbewahrungspflichten und L\u00f6schfristen<\/strong><\/p>\n\n\n\n<p><strong>Gesetzliche Aufbewahrungsfristen:<\/strong><\/p>\n\n\n\n<ul class=\"wp-block-list\">\n<li>Rechnungen und Buchungsbelege: 10 Jahre (\u00a7 147 AO)<\/li>\n\n\n\n<li>Gesch\u00e4ftskorrespondenz: 6 Jahre (\u00a7 147 AO)<\/li>\n\n\n\n<li>Kundenvertr\u00e4ge und Bestellungen: 10 Jahre (\u00a7 147 AO)<\/li>\n\n\n\n<li>Steuerrelevante Dokumente: 10 Jahre (\u00a7 147 AO)<\/li>\n<\/ul>\n\n\n\n<p>Ihre personenbezogenen Daten werden f\u00fcr die Dauer der gesetzlichen Aufbewahrungsfristen gespeichert und danach gel\u00f6scht, sofern keine anderen rechtlichen Verpflichtungen bestehen.<\/p>\n\n\n\n\n\n<p><\/p>","protected":false},"excerpt":{"rendered":"<p>Datenschutzerkl\u00e4rung f\u00fcr Graham Miranda SEO 1. Datenschutz auf einen Blick Allgemeine HinweiseDie folgenden Hinweise geben einen einfachen \u00dcberblick dar\u00fcber, was [&hellip;]<\/p>","protected":false},"author":2,"featured_media":0,"parent":0,"menu_order":0,"comment_status":"closed","ping_status":"closed","template":"","meta":{"site-sidebar-layout":"default","site-content-layout":"","ast-site-content-layout":"default","site-content-style":"default","site-sidebar-style":"default","ast-global-header-display":"","ast-banner-title-visibility":"","ast-main-header-display":"","ast-hfb-above-header-display":"","ast-hfb-below-header-display":"","ast-hfb-mobile-header-display":"","site-post-title":"","ast-breadcrumbs-content":"","ast-featured-img":"","footer-sml-layout":"","theme-transparent-header-meta":"","adv-header-id-meta":"","stick-header-meta":"","header-above-stick-meta":"","header-main-stick-meta":"","header-below-stick-meta":"","astra-migrate-meta-layouts":"set","ast-page-background-enabled":"default","ast-page-background-meta":{"desktop":{"background-color":"var(--ast-global-color-4)","background-image":"","background-repeat":"repeat","background-position":"center center","background-size":"auto","background-attachment":"scroll","background-type":"","background-media":"","overlay-type":"","overlay-color":"","overlay-opacity":"","overlay-gradient":""},"tablet":{"background-color":"","background-image":"","background-repeat":"repeat","background-position":"center center","background-size":"auto","background-attachment":"scroll","background-type":"","background-media":"","overlay-type":"","overlay-color":"","overlay-opacity":"","overlay-gradient":""},"mobile":{"background-color":"","background-image":"","background-repeat":"repeat","background-position":"center center","background-size":"auto","background-attachment":"scroll","background-type":"","background-media":"","overlay-type":"","overlay-color":"","overlay-opacity":"","overlay-gradient":""}},"ast-content-background-meta":{"desktop":{"background-color":"var(--ast-global-color-5)","background-image":"","background-repeat":"repeat","background-position":"center center","background-size":"auto","background-attachment":"scroll","background-type":"","background-media":"","overlay-type":"","overlay-color":"","overlay-opacity":"","overlay-gradient":""},"tablet":{"background-color":"var(--ast-global-color-5)","background-image":"","background-repeat":"repeat","background-position":"center center","background-size":"auto","background-attachment":"scroll","background-type":"","background-media":"","overlay-type":"","overlay-color":"","overlay-opacity":"","overlay-gradient":""},"mobile":{"background-color":"var(--ast-global-color-5)","background-image":"","background-repeat":"repeat","background-position":"center center","background-size":"auto","background-attachment":"scroll","background-type":"","background-media":"","overlay-type":"","overlay-color":"","overlay-opacity":"","overlay-gradient":""}},"footnotes":""},"class_list":["post-4151","page","type-page","status-publish","hentry"],"yoast_head":"<!-- This site is optimized with the Yoast SEO Premium plugin v26.2 (Yoast SEO v26.2) - https:\/\/yoast.com\/wordpress\/plugins\/seo\/ -->\n<title>DATENSCHUTZERKL\u00c4RUNG - Graham Miranda SEO<\/title>\n<meta name=\"description\" content=\"Datenschutzerkl\u00e4rung Graham Miranda SEO nach DSGVO &amp; TTDSG - Datenverarbeitung, Cookies, internationale Daten\u00fcbertragung und Ihre Rechte als Nutzer.\" \/>\n<meta name=\"robots\" content=\"index, follow, max-snippet:-1, max-image-preview:large, max-video-preview:-1\" \/>\n<link rel=\"canonical\" href=\"https:\/\/seo.grahammiranda.com\/de\/legal\/datenschutz\/\" \/>\n<meta property=\"og:locale\" content=\"de_DE\" \/>\n<meta property=\"og:type\" content=\"article\" \/>\n<meta property=\"og:title\" content=\"DATENSCHUTZERKL\u00c4RUNG\" \/>\n<meta property=\"og:description\" content=\"Datenschutzerkl\u00e4rung Graham Miranda SEO nach DSGVO &amp; TTDSG - Datenverarbeitung, Cookies, internationale Daten\u00fcbertragung und Ihre Rechte als Nutzer.\" \/>\n<meta property=\"og:url\" content=\"https:\/\/seo.grahammiranda.com\/de\/legal\/datenschutz\/\" \/>\n<meta property=\"og:site_name\" content=\"Graham Miranda SEO\" \/>\n<meta property=\"article:modified_time\" content=\"2025-10-12T14:54:20+00:00\" \/>\n<meta name=\"twitter:card\" content=\"summary_large_image\" \/>\n<meta name=\"twitter:label1\" content=\"Gesch\u00e4tzte Lesezeit\" \/>\n\t<meta name=\"twitter:data1\" content=\"3\u00a0Minuten\" \/>\n<script type=\"application\/ld+json\" class=\"yoast-schema-graph\">{\"@context\":\"https:\/\/schema.org\",\"@graph\":[{\"@type\":\"WebPage\",\"@id\":\"https:\/\/seo.grahammiranda.com\/de\/legal\/datenschutz\/\",\"url\":\"https:\/\/seo.grahammiranda.com\/de\/legal\/datenschutz\/\",\"name\":\"DATENSCHUTZERKL\u00c4RUNG - Graham Miranda SEO\",\"isPartOf\":{\"@id\":\"https:\/\/seo.grahammiranda.com\/de\/#website\"},\"datePublished\":\"2025-10-10T20:36:58+00:00\",\"dateModified\":\"2025-10-12T14:54:20+00:00\",\"description\":\"Datenschutzerkl\u00e4rung Graham Miranda SEO nach DSGVO & TTDSG - Datenverarbeitung, Cookies, internationale Daten\u00fcbertragung und Ihre Rechte als Nutzer.\",\"breadcrumb\":{\"@id\":\"https:\/\/seo.grahammiranda.com\/de\/legal\/datenschutz\/#breadcrumb\"},\"inLanguage\":\"de\",\"potentialAction\":[{\"@type\":\"ReadAction\",\"target\":[\"https:\/\/seo.grahammiranda.com\/de\/legal\/datenschutz\/\"]}]},{\"@type\":\"BreadcrumbList\",\"@id\":\"https:\/\/seo.grahammiranda.com\/de\/legal\/datenschutz\/#breadcrumb\",\"itemListElement\":[{\"@type\":\"ListItem\",\"position\":1,\"name\":\"Home\",\"item\":\"https:\/\/seo.grahammiranda.com\/\"},{\"@type\":\"ListItem\",\"position\":2,\"name\":\"DATENSCHUTZERKL\u00c4RUNG\"}]},{\"@type\":\"WebSite\",\"@id\":\"https:\/\/seo.grahammiranda.com\/de\/#website\",\"url\":\"https:\/\/seo.grahammiranda.com\/de\/\",\"name\":\"Graham Miranda SEO\",\"description\":\"Professional SEO Backlink Services | Boost Rankings | Graham Miranda\",\"publisher\":{\"@id\":\"https:\/\/seo.grahammiranda.com\/de\/#organization\"},\"potentialAction\":[{\"@type\":\"SearchAction\",\"target\":{\"@type\":\"EntryPoint\",\"urlTemplate\":\"https:\/\/seo.grahammiranda.com\/de\/?s={search_term_string}\"},\"query-input\":{\"@type\":\"PropertyValueSpecification\",\"valueRequired\":true,\"valueName\":\"search_term_string\"}}],\"inLanguage\":\"de\"},{\"@type\":\"Organization\",\"@id\":\"https:\/\/seo.grahammiranda.com\/de\/#organization\",\"name\":\"Graham Miranda SEO\",\"url\":\"https:\/\/seo.grahammiranda.com\/de\/\",\"logo\":{\"@type\":\"ImageObject\",\"inLanguage\":\"de\",\"@id\":\"https:\/\/seo.grahammiranda.com\/de\/#\/schema\/logo\/image\/\",\"url\":\"https:\/\/seo.grahammiranda.com\/wp-content\/uploads\/2025\/09\/generated_image_10-1.webp\",\"contentUrl\":\"https:\/\/seo.grahammiranda.com\/wp-content\/uploads\/2025\/09\/generated_image_10-1.webp\",\"width\":1024,\"height\":1024,\"caption\":\"Graham Miranda SEO\"},\"image\":{\"@id\":\"https:\/\/seo.grahammiranda.com\/de\/#\/schema\/logo\/image\/\"},\"hasMerchantReturnPolicy\":{\"@type\":\"MerchantReturnPolicy\",\"merchantReturnLink\":\"https:\/\/seo.grahammiranda.com\/de\/legal\/erstattungsrichtlinie\/\"}}]}<\/script>\n<!-- \/ Yoast SEO Premium plugin. -->","yoast_head_json":{"title":"DATENSCHUTZERKL\u00c4RUNG - Graham Miranda SEO","description":"Datenschutzerkl\u00e4rung Graham Miranda SEO nach DSGVO &amp; TTDSG - Datenverarbeitung, Cookies, internationale Daten\u00fcbertragung und Ihre Rechte als Nutzer.","robots":{"index":"index","follow":"follow","max-snippet":"max-snippet:-1","max-image-preview":"max-image-preview:large","max-video-preview":"max-video-preview:-1"},"canonical":"https:\/\/seo.grahammiranda.com\/de\/legal\/datenschutz\/","og_locale":"de_DE","og_type":"article","og_title":"DATENSCHUTZERKL\u00c4RUNG","og_description":"Datenschutzerkl\u00e4rung Graham Miranda SEO nach DSGVO & TTDSG - Datenverarbeitung, Cookies, internationale Daten\u00fcbertragung und Ihre Rechte als Nutzer.","og_url":"https:\/\/seo.grahammiranda.com\/de\/legal\/datenschutz\/","og_site_name":"Graham Miranda SEO","article_modified_time":"2025-10-12T14:54:20+00:00","twitter_card":"summary_large_image","twitter_misc":{"Gesch\u00e4tzte Lesezeit":"3\u00a0Minuten"},"schema":{"@context":"https:\/\/schema.org","@graph":[{"@type":"WebPage","@id":"https:\/\/seo.grahammiranda.com\/de\/legal\/datenschutz\/","url":"https:\/\/seo.grahammiranda.com\/de\/legal\/datenschutz\/","name":"DATENSCHUTZERKL\u00c4RUNG - Graham Miranda SEO","isPartOf":{"@id":"https:\/\/seo.grahammiranda.com\/de\/#website"},"datePublished":"2025-10-10T20:36:58+00:00","dateModified":"2025-10-12T14:54:20+00:00","description":"Datenschutzerkl\u00e4rung Graham Miranda SEO nach DSGVO &amp; TTDSG - Datenverarbeitung, Cookies, internationale Daten\u00fcbertragung und Ihre Rechte als Nutzer.","breadcrumb":{"@id":"https:\/\/seo.grahammiranda.com\/de\/legal\/datenschutz\/#breadcrumb"},"inLanguage":"de","potentialAction":[{"@type":"ReadAction","target":["https:\/\/seo.grahammiranda.com\/de\/legal\/datenschutz\/"]}]},{"@type":"BreadcrumbList","@id":"https:\/\/seo.grahammiranda.com\/de\/legal\/datenschutz\/#breadcrumb","itemListElement":[{"@type":"ListItem","position":1,"name":"Home","item":"https:\/\/seo.grahammiranda.com\/"},{"@type":"ListItem","position":2,"name":"DATENSCHUTZERKL\u00c4RUNG"}]},{"@type":"WebSite","@id":"https:\/\/seo.grahammiranda.com\/de\/#website","url":"https:\/\/seo.grahammiranda.com\/de\/","name":"Graham Miranda SEO","description":"Professionelle SEO Backlink Dienstleistungen | Boost Rankings | Graham Miranda","publisher":{"@id":"https:\/\/seo.grahammiranda.com\/de\/#organization"},"potentialAction":[{"@type":"SearchAction","target":{"@type":"EntryPoint","urlTemplate":"https:\/\/seo.grahammiranda.com\/de\/?s={search_term_string}"},"query-input":{"@type":"PropertyValueSpecification","valueRequired":true,"valueName":"search_term_string"}}],"inLanguage":"de"},{"@type":"Organization","@id":"https:\/\/seo.grahammiranda.com\/de\/#organization","name":"Graham Miranda SEO","url":"https:\/\/seo.grahammiranda.com\/de\/","logo":{"@type":"ImageObject","inLanguage":"de","@id":"https:\/\/seo.grahammiranda.com\/de\/#\/schema\/logo\/image\/","url":"https:\/\/seo.grahammiranda.com\/wp-content\/uploads\/2025\/09\/generated_image_10-1.webp","contentUrl":"https:\/\/seo.grahammiranda.com\/wp-content\/uploads\/2025\/09\/generated_image_10-1.webp","width":1024,"height":1024,"caption":"Graham Miranda SEO"},"image":{"@id":"https:\/\/seo.grahammiranda.com\/de\/#\/schema\/logo\/image\/"},"hasMerchantReturnPolicy":{"@type":"MerchantReturnPolicy","merchantReturnLink":"https:\/\/seo.grahammiranda.com\/de\/legal\/erstattungsrichtlinie\/"}}]}},"_links":{"self":[{"href":"https:\/\/seo.grahammiranda.com\/de\/wp-json\/wp\/v2\/pages\/4151","targetHints":{"allow":["GET"]}}],"collection":[{"href":"https:\/\/seo.grahammiranda.com\/de\/wp-json\/wp\/v2\/pages"}],"about":[{"href":"https:\/\/seo.grahammiranda.com\/de\/wp-json\/wp\/v2\/types\/page"}],"author":[{"embeddable":true,"href":"https:\/\/seo.grahammiranda.com\/de\/wp-json\/wp\/v2\/users\/2"}],"replies":[{"embeddable":true,"href":"https:\/\/seo.grahammiranda.com\/de\/wp-json\/wp\/v2\/comments?post=4151"}],"version-history":[{"count":4,"href":"https:\/\/seo.grahammiranda.com\/de\/wp-json\/wp\/v2\/pages\/4151\/revisions"}],"predecessor-version":[{"id":4186,"href":"https:\/\/seo.grahammiranda.com\/de\/wp-json\/wp\/v2\/pages\/4151\/revisions\/4186"}],"wp:attachment":[{"href":"https:\/\/seo.grahammiranda.com\/de\/wp-json\/wp\/v2\/media?parent=4151"}],"curies":[{"name":"wp","href":"https:\/\/api.w.org\/{rel}","templated":true}]}}