{"id":4158,"date":"2025-10-10T22:47:55","date_gmt":"2025-10-10T20:47:55","guid":{"rendered":"https:\/\/seo.grahammiranda.com\/?page_id=4158"},"modified":"2025-10-10T22:49:33","modified_gmt":"2025-10-10T20:49:33","slug":"versicherungsnachweis","status":"publish","type":"page","link":"https:\/\/seo.grahammiranda.com\/de\/legal\/versicherungsnachweis\/","title":{"rendered":"Versicherungsnachweis"},"content":{"rendered":"<p><strong>Berufshaftpflichtversicherung<\/strong><\/p>\n\n\n\n<p>Graham Miranda verf\u00fcgt \u00fcber eine umfassende IT-Haftpflichtversicherung:<\/p>\n\n\n\n<p><strong>Versicherungsunternehmen<\/strong>: Markel Versicherung SE<br><strong>Versicherungs-Nr.<\/strong>: ON.MPI.64092<br><strong>Versicherungszeitraum<\/strong>: 06.10.2025 bis 06.10.2026<\/p>\n\n\n\n<p><strong>Versicherungssummen<\/strong>:<\/p>\n\n\n\n<ul class=\"wp-block-list\">\n<li><strong>Verm\u00f6gensschaden-Haftpflichtversicherung<\/strong>: 300.000,00 EUR<\/li>\n\n\n\n<li><strong>Bro- und Betriebshaftpflicht-Versicherung<\/strong>: 3.000.000,00 EUR pauschal f\u00fcr Personen- und Sachsch\u00e4den<\/li>\n<\/ul>\n\n\n\n<p><strong>Jahresh\u00f6chstleistung<\/strong>: 3-fache Maximierung der Versicherungssumme<\/p>\n\n\n\n<p><strong>Versicherte T\u00e4tigkeiten<\/strong>:<\/p>\n\n\n\n<ul class=\"wp-block-list\">\n<li>IT-Dienstleistungen und Telekommunikations-Dienstleistungen<\/li>\n\n\n\n<li>SEO-Beratung und Online-Marketing<\/li>\n\n\n\n<li>IT-Beratung f\u00fcr kleine und mittlere Unternehmen<\/li>\n\n\n\n<li>Wiederverk\u00e4ufer-Aktivit\u00e4ten<\/li>\n<\/ul>\n\n\n\n<p><strong>R\u00e4umlicher Geltungsbereich<\/strong>:<\/p>\n\n\n\n<ul class=\"wp-block-list\">\n<li>Deutschland und EU\/EWR-L\u00e4nder<\/li>\n\n\n\n<li>Eingeschr\u00e4nkte Deckung f\u00fcr USA-Aktivit\u00e4ten<\/li>\n<\/ul>\n\n\n\n<p><strong>Kontakt f\u00fcr Schadensmeldungen<\/strong>:<br>Markel Versicherung SE<br>Sophienstr. 26<br>80333 M\u00fcnchen<br>schaden@markel.de<br>Tel.: +49 89 205094-400<\/p>","protected":false},"excerpt":{"rendered":"<p>Berufshaftpflichtversicherung Graham Miranda verf\u00fcgt \u00fcber eine umfassende IT-Haftpflichtversicherung: Versicherungsunternehmen: Markel Insurance SEVersicherungs-Nr.: ON.MPI.64092Versicherungszeitraum: 06.10.2025 bis 06.10.2026 Versicherungssummen: Jahresh\u00f6chstleistung: 3-fache Maximierung [&hellip;]<\/p>","protected":false},"author":2,"featured_media":0,"parent":0,"menu_order":0,"comment_status":"closed","ping_status":"closed","template":"","meta":{"site-sidebar-layout":"default","site-content-layout":"","ast-site-content-layout":"default","site-content-style":"default","site-sidebar-style":"default","ast-global-header-display":"","ast-banner-title-visibility":"","ast-main-header-display":"","ast-hfb-above-header-display":"","ast-hfb-below-header-display":"","ast-hfb-mobile-header-display":"","site-post-title":"","ast-breadcrumbs-content":"","ast-featured-img":"","footer-sml-layout":"","theme-transparent-header-meta":"","adv-header-id-meta":"","stick-header-meta":"","header-above-stick-meta":"","header-main-stick-meta":"","header-below-stick-meta":"","astra-migrate-meta-layouts":"set","ast-page-background-enabled":"default","ast-page-background-meta":{"desktop":{"background-color":"var(--ast-global-color-4)","background-image":"","background-repeat":"repeat","background-position":"center center","background-size":"auto","background-attachment":"scroll","background-type":"","background-media":"","overlay-type":"","overlay-color":"","overlay-opacity":"","overlay-gradient":""},"tablet":{"background-color":"","background-image":"","background-repeat":"repeat","background-position":"center center","background-size":"auto","background-attachment":"scroll","background-type":"","background-media":"","overlay-type":"","overlay-color":"","overlay-opacity":"","overlay-gradient":""},"mobile":{"background-color":"","background-image":"","background-repeat":"repeat","background-position":"center center","background-size":"auto","background-attachment":"scroll","background-type":"","background-media":"","overlay-type":"","overlay-color":"","overlay-opacity":"","overlay-gradient":""}},"ast-content-background-meta":{"desktop":{"background-color":"var(--ast-global-color-5)","background-image":"","background-repeat":"repeat","background-position":"center center","background-size":"auto","background-attachment":"scroll","background-type":"","background-media":"","overlay-type":"","overlay-color":"","overlay-opacity":"","overlay-gradient":""},"tablet":{"background-color":"var(--ast-global-color-5)","background-image":"","background-repeat":"repeat","background-position":"center center","background-size":"auto","background-attachment":"scroll","background-type":"","background-media":"","overlay-type":"","overlay-color":"","overlay-opacity":"","overlay-gradient":""},"mobile":{"background-color":"var(--ast-global-color-5)","background-image":"","background-repeat":"repeat","background-position":"center center","background-size":"auto","background-attachment":"scroll","background-type":"","background-media":"","overlay-type":"","overlay-color":"","overlay-opacity":"","overlay-gradient":""}},"footnotes":""},"class_list":["post-4158","page","type-page","status-publish","hentry"],"yoast_head":"<!-- This site is optimized with the Yoast SEO Premium plugin v26.2 (Yoast SEO v26.2) - https:\/\/yoast.com\/wordpress\/plugins\/seo\/ -->\n<title>Versicherungsnachweis Graham Miranda SEO - IT-Haftpflichtversicherung Markel<\/title>\n<meta name=\"description\" content=\"Versicherungsnachweis Graham Miranda SEO - Umfassende IT-Haftpflichtversicherung bei Markel mit 300.000\u20ac Verm\u00f6gensschaden und 3 Mio. \u20ac Betriebshaftpflicht.\" \/>\n<meta name=\"robots\" content=\"index, follow, max-snippet:-1, max-image-preview:large, max-video-preview:-1\" \/>\n<link rel=\"canonical\" href=\"https:\/\/seo.grahammiranda.com\/de\/legal\/versicherungsnachweis\/\" \/>\n<meta property=\"og:locale\" content=\"de_DE\" \/>\n<meta property=\"og:type\" content=\"article\" \/>\n<meta property=\"og:title\" content=\"Versicherungsnachweis\" \/>\n<meta property=\"og:description\" content=\"Versicherungsnachweis Graham Miranda SEO - Umfassende IT-Haftpflichtversicherung bei Markel mit 300.000\u20ac Verm\u00f6gensschaden und 3 Mio. \u20ac Betriebshaftpflicht.\" \/>\n<meta property=\"og:url\" content=\"https:\/\/seo.grahammiranda.com\/de\/legal\/versicherungsnachweis\/\" \/>\n<meta property=\"og:site_name\" content=\"Graham Miranda SEO\" \/>\n<meta property=\"article:modified_time\" content=\"2025-10-10T20:49:33+00:00\" \/>\n<meta name=\"twitter:card\" content=\"summary_large_image\" \/>\n<meta name=\"twitter:label1\" content=\"Gesch\u00e4tzte Lesezeit\" \/>\n\t<meta name=\"twitter:data1\" content=\"1\u00a0Minute\" \/>\n<script type=\"application\/ld+json\" class=\"yoast-schema-graph\">{\"@context\":\"https:\/\/schema.org\",\"@graph\":[{\"@type\":\"WebPage\",\"@id\":\"https:\/\/seo.grahammiranda.com\/de\/legal\/versicherungsnachweis\/\",\"url\":\"https:\/\/seo.grahammiranda.com\/de\/legal\/versicherungsnachweis\/\",\"name\":\"Versicherungsnachweis Graham Miranda SEO - IT-Haftpflichtversicherung Markel\",\"isPartOf\":{\"@id\":\"https:\/\/seo.grahammiranda.com\/de\/#website\"},\"datePublished\":\"2025-10-10T20:47:55+00:00\",\"dateModified\":\"2025-10-10T20:49:33+00:00\",\"description\":\"Versicherungsnachweis Graham Miranda SEO - Umfassende IT-Haftpflichtversicherung bei Markel mit 300.000\u20ac Verm\u00f6gensschaden und 3 Mio. \u20ac Betriebshaftpflicht.\",\"breadcrumb\":{\"@id\":\"https:\/\/seo.grahammiranda.com\/de\/legal\/versicherungsnachweis\/#breadcrumb\"},\"inLanguage\":\"de\",\"potentialAction\":[{\"@type\":\"ReadAction\",\"target\":[\"https:\/\/seo.grahammiranda.com\/de\/legal\/versicherungsnachweis\/\"]}]},{\"@type\":\"BreadcrumbList\",\"@id\":\"https:\/\/seo.grahammiranda.com\/de\/legal\/versicherungsnachweis\/#breadcrumb\",\"itemListElement\":[{\"@type\":\"ListItem\",\"position\":1,\"name\":\"Home\",\"item\":\"https:\/\/seo.grahammiranda.com\/\"},{\"@type\":\"ListItem\",\"position\":2,\"name\":\"Versicherungsnachweis\"}]},{\"@type\":\"WebSite\",\"@id\":\"https:\/\/seo.grahammiranda.com\/de\/#website\",\"url\":\"https:\/\/seo.grahammiranda.com\/de\/\",\"name\":\"Graham Miranda SEO\",\"description\":\"Professional SEO Backlink Services | Boost Rankings | Graham Miranda\",\"publisher\":{\"@id\":\"https:\/\/seo.grahammiranda.com\/de\/#organization\"},\"potentialAction\":[{\"@type\":\"SearchAction\",\"target\":{\"@type\":\"EntryPoint\",\"urlTemplate\":\"https:\/\/seo.grahammiranda.com\/de\/?s={search_term_string}\"},\"query-input\":{\"@type\":\"PropertyValueSpecification\",\"valueRequired\":true,\"valueName\":\"search_term_string\"}}],\"inLanguage\":\"de\"},{\"@type\":\"Organization\",\"@id\":\"https:\/\/seo.grahammiranda.com\/de\/#organization\",\"name\":\"Graham Miranda SEO\",\"url\":\"https:\/\/seo.grahammiranda.com\/de\/\",\"logo\":{\"@type\":\"ImageObject\",\"inLanguage\":\"de\",\"@id\":\"https:\/\/seo.grahammiranda.com\/de\/#\/schema\/logo\/image\/\",\"url\":\"https:\/\/seo.grahammiranda.com\/wp-content\/uploads\/2025\/09\/generated_image_10-1.webp\",\"contentUrl\":\"https:\/\/seo.grahammiranda.com\/wp-content\/uploads\/2025\/09\/generated_image_10-1.webp\",\"width\":1024,\"height\":1024,\"caption\":\"Graham Miranda SEO\"},\"image\":{\"@id\":\"https:\/\/seo.grahammiranda.com\/de\/#\/schema\/logo\/image\/\"},\"hasMerchantReturnPolicy\":{\"@type\":\"MerchantReturnPolicy\",\"merchantReturnLink\":\"https:\/\/seo.grahammiranda.com\/de\/legal\/erstattungsrichtlinie\/\"}}]}<\/script>\n<!-- \/ Yoast SEO Premium plugin. -->","yoast_head_json":{"title":"Versicherungsnachweis Graham Miranda SEO - IT-Haftpflichtversicherung Markel","description":"Versicherungsnachweis Graham Miranda SEO - Umfassende IT-Haftpflichtversicherung bei Markel mit 300.000\u20ac Verm\u00f6gensschaden und 3 Mio. \u20ac Betriebshaftpflicht.","robots":{"index":"index","follow":"follow","max-snippet":"max-snippet:-1","max-image-preview":"max-image-preview:large","max-video-preview":"max-video-preview:-1"},"canonical":"https:\/\/seo.grahammiranda.com\/de\/legal\/versicherungsnachweis\/","og_locale":"de_DE","og_type":"article","og_title":"Versicherungsnachweis","og_description":"Versicherungsnachweis Graham Miranda SEO - Umfassende IT-Haftpflichtversicherung bei Markel mit 300.000\u20ac Verm\u00f6gensschaden und 3 Mio. \u20ac Betriebshaftpflicht.","og_url":"https:\/\/seo.grahammiranda.com\/de\/legal\/versicherungsnachweis\/","og_site_name":"Graham Miranda SEO","article_modified_time":"2025-10-10T20:49:33+00:00","twitter_card":"summary_large_image","twitter_misc":{"Gesch\u00e4tzte Lesezeit":"1\u00a0Minute"},"schema":{"@context":"https:\/\/schema.org","@graph":[{"@type":"WebPage","@id":"https:\/\/seo.grahammiranda.com\/de\/legal\/versicherungsnachweis\/","url":"https:\/\/seo.grahammiranda.com\/de\/legal\/versicherungsnachweis\/","name":"Versicherungsnachweis Graham Miranda SEO - IT-Haftpflichtversicherung Markel","isPartOf":{"@id":"https:\/\/seo.grahammiranda.com\/de\/#website"},"datePublished":"2025-10-10T20:47:55+00:00","dateModified":"2025-10-10T20:49:33+00:00","description":"Versicherungsnachweis Graham Miranda SEO - Umfassende IT-Haftpflichtversicherung bei Markel mit 300.000\u20ac Verm\u00f6gensschaden und 3 Mio. \u20ac Betriebshaftpflicht.","breadcrumb":{"@id":"https:\/\/seo.grahammiranda.com\/de\/legal\/versicherungsnachweis\/#breadcrumb"},"inLanguage":"de","potentialAction":[{"@type":"ReadAction","target":["https:\/\/seo.grahammiranda.com\/de\/legal\/versicherungsnachweis\/"]}]},{"@type":"BreadcrumbList","@id":"https:\/\/seo.grahammiranda.com\/de\/legal\/versicherungsnachweis\/#breadcrumb","itemListElement":[{"@type":"ListItem","position":1,"name":"Home","item":"https:\/\/seo.grahammiranda.com\/"},{"@type":"ListItem","position":2,"name":"Versicherungsnachweis"}]},{"@type":"WebSite","@id":"https:\/\/seo.grahammiranda.com\/de\/#website","url":"https:\/\/seo.grahammiranda.com\/de\/","name":"Graham Miranda SEO","description":"Professionelle SEO Backlink Dienstleistungen | Boost Rankings | Graham Miranda","publisher":{"@id":"https:\/\/seo.grahammiranda.com\/de\/#organization"},"potentialAction":[{"@type":"SearchAction","target":{"@type":"EntryPoint","urlTemplate":"https:\/\/seo.grahammiranda.com\/de\/?s={search_term_string}"},"query-input":{"@type":"PropertyValueSpecification","valueRequired":true,"valueName":"search_term_string"}}],"inLanguage":"de"},{"@type":"Organization","@id":"https:\/\/seo.grahammiranda.com\/de\/#organization","name":"Graham Miranda SEO","url":"https:\/\/seo.grahammiranda.com\/de\/","logo":{"@type":"ImageObject","inLanguage":"de","@id":"https:\/\/seo.grahammiranda.com\/de\/#\/schema\/logo\/image\/","url":"https:\/\/seo.grahammiranda.com\/wp-content\/uploads\/2025\/09\/generated_image_10-1.webp","contentUrl":"https:\/\/seo.grahammiranda.com\/wp-content\/uploads\/2025\/09\/generated_image_10-1.webp","width":1024,"height":1024,"caption":"Graham Miranda SEO"},"image":{"@id":"https:\/\/seo.grahammiranda.com\/de\/#\/schema\/logo\/image\/"},"hasMerchantReturnPolicy":{"@type":"MerchantReturnPolicy","merchantReturnLink":"https:\/\/seo.grahammiranda.com\/de\/legal\/erstattungsrichtlinie\/"}}]}},"_links":{"self":[{"href":"https:\/\/seo.grahammiranda.com\/de\/wp-json\/wp\/v2\/pages\/4158","targetHints":{"allow":["GET"]}}],"collection":[{"href":"https:\/\/seo.grahammiranda.com\/de\/wp-json\/wp\/v2\/pages"}],"about":[{"href":"https:\/\/seo.grahammiranda.com\/de\/wp-json\/wp\/v2\/types\/page"}],"author":[{"embeddable":true,"href":"https:\/\/seo.grahammiranda.com\/de\/wp-json\/wp\/v2\/users\/2"}],"replies":[{"embeddable":true,"href":"https:\/\/seo.grahammiranda.com\/de\/wp-json\/wp\/v2\/comments?post=4158"}],"version-history":[{"count":1,"href":"https:\/\/seo.grahammiranda.com\/de\/wp-json\/wp\/v2\/pages\/4158\/revisions"}],"predecessor-version":[{"id":4159,"href":"https:\/\/seo.grahammiranda.com\/de\/wp-json\/wp\/v2\/pages\/4158\/revisions\/4159"}],"wp:attachment":[{"href":"https:\/\/seo.grahammiranda.com\/de\/wp-json\/wp\/v2\/media?parent=4158"}],"curies":[{"name":"wp","href":"https:\/\/api.w.org\/{rel}","templated":true}]}}