{"id":103,"date":"2025-08-07T17:12:35","date_gmt":"2025-08-07T17:12:35","guid":{"rendered":"https:\/\/seo.grahammiranda.com\/product\/pr-press-release-ultimate\/"},"modified":"2025-10-06T13:12:12","modified_gmt":"2025-10-06T11:12:12","slug":"pr-press-release-ultimate","status":"publish","type":"product","link":"https:\/\/seo.grahammiranda.com\/de\/shop\/unverwaltet\/pr-press-release-ultimate\/","title":{"rendered":"Starter-Paket f\u00fcr die Nachrichtenverteilung"},"content":{"rendered":"<p># Starter-Paket f\u00fcr die Nachrichtenverteilung<\/p>\n<p>Steigern Sie die Sichtbarkeit Ihrer Marke mit einem Presseverteiler der Einstiegsklasse \u00fcber ein kuratiertes Netzwerk von mehr als 350 allgemeinen Nachrichtenseiten und Partnerunternehmen.<\/p>\n<p>Was ist inbegriffen?<br \/>\n- Verteilung an mehr als 350 Nachrichtenagenturen und Partnerplattformen<br \/>\n- Typischer Bereich der Dom\u00e4nenautorit\u00e4t: 30-60<br \/>\n- Gesch\u00e4tztes monatliches Gesamtpublikum: 7.3M+<br \/>\n- YouTube-Videoeinbettung wird in der Version unterst\u00fctzt<br \/>\n- Direkter Backlink enthalten (Mischung aus do-follow\/nofollow, wie redaktionell angemessen)<br \/>\n- Die meisten Themen werden akzeptiert; wir pr\u00fcfen vor der Einreichung, ob sie den Anforderungen entsprechen.<br \/>\n- Bericht nach der Auslieferung mit Live-URLs<\/p>\n<p>Am besten f\u00fcr<br \/>\n- Kleine Unternehmen und Neugr\u00fcndungen, die eine schnelle und breite \u00d6ffentlichkeitsarbeit suchen<br \/>\n- Ank\u00fcndigungen, Produktaktualisierungen, Partnerschaften und Funktionseinf\u00fchrungen<\/p>\n<p>Wie es funktioniert<br \/>\n1. Reichen Sie Ihre Inhalte und bevorzugten Links\/Anker ein.<br \/>\n2. Unser Team formatiert und verteilt sie an unser Partnernetz.<br \/>\n3. Sie erhalten einen Vermittlungsbericht mit ver\u00f6ffentlichten Links.<\/p>\n<p>Qualit\u00e4t und redaktionelle Hinweise<br \/>\n- Die Platzierung erfolgt bei allgemeinen Nachrichten- und Syndikationspartnern; die genauen Verkaufsstellen variieren je nach Kampagne.<br \/>\n- Die redaktionellen Richtlinien werden von den einzelnen Verlagen festgelegt; die endg\u00fcltige \u00dcberschrift\/Formatierung kann zur Einhaltung des Stils angepasst werden.<br \/>\n- Die Backlink-Attribute werden von den Herausgebern festgelegt und k\u00f6nnen eine Mischung aus do-follow und nofollow enthalten.<br \/>\n- Wie bei allen PR-Ma\u00dfnahmen kann eine dauerhafte Vermittlung nicht garantiert werden; wir bieten eine angemessene Nachbetreuung, wenn innerhalb von 30 Tagen ein Umzug erfolgt.<\/p>\n<p>Turnaround<br \/>\n- Entwurfs\u00fcberpr\u00fcfung: 1-3 Arbeitstage<br \/>\n- Verteilung und Indizierung: in der Regel 3-7 Arbeitstage nach Genehmigung<\/p>\n<p>Was wir von Ihnen brauchen<br \/>\n- Endg\u00fcltiger Pressetext (400-600 W\u00f6rter) oder Aufz\u00e4hlungspunkte, die wir verfassen sollen<br \/>\n- 1-2 Ziellinks und bevorzugter Ankertext<br \/>\n- Markenelemente (Logo, Bilder) und optionale YouTube-URL<\/p>\n<p>Beschr\u00e4nkungen<br \/>\n- Keine illegalen, hasserf\u00fcllten, nicht jugendfreien oder irref\u00fchrenden Inhalte<br \/>\n- Medizinische\/finanzielle Anspr\u00fcche m\u00fcssen nachgewiesen werden und k\u00f6nnen von einigen Verkaufsstellen abgelehnt werden.<\/p>\n<p>Zufriedenheits-Politik<br \/>\n- Wenn wir aufgrund von Netzwerkbeschr\u00e4nkungen weniger Platzierungen als versprochen liefern, schreiben wir den nicht gelieferten Anteil f\u00fcr zuk\u00fcnftige Kampagnen gut.<\/p>\n<p>Hinweis f\u00fcr EU-Verbraucher<br \/>\n- Mit dem Kauf stimmen Sie dem sofortigen Beginn der Dienstleistung zu und erkennen an, dass das 14-t\u00e4gige Widerrufsrecht nicht mehr gilt, sobald die Verteilungsarbeiten beginnen.<\/p>\n<p>Alle Bestellungen von Pressemitteilungen werden manuell bearbeitet.<\/p>","protected":false},"excerpt":{"rendered":"<p>Verbreiten Sie Ihre Nachrichten an 350+ Partnerseiten mit Backlinks, DA30-60 Reichweite und Post-Delivery-Report. Schnelle 3-7 Tage Bearbeitungszeit.<\/p>","protected":false},"featured_media":3394,"template":"","meta":{"site-sidebar-layout":"default","site-content-layout":"","ast-site-content-layout":"default","site-content-style":"default","site-sidebar-style":"default","ast-global-header-display":"","ast-banner-title-visibility":"","ast-main-header-display":"","ast-hfb-above-header-display":"","ast-hfb-below-header-display":"","ast-hfb-mobile-header-display":"","site-post-title":"","ast-breadcrumbs-content":"","ast-featured-img":"","footer-sml-layout":"","theme-transparent-header-meta":"default","adv-header-id-meta":"","stick-header-meta":"","header-above-stick-meta":"","header-main-stick-meta":"","header-below-stick-meta":"","astra-migrate-meta-layouts":"set","ast-page-background-enabled":"default","ast-page-background-meta":{"desktop":{"background-color":"var(--ast-global-color-4)","background-image":"","background-repeat":"repeat","background-position":"center center","background-size":"auto","background-attachment":"scroll","background-type":"","background-media":"","overlay-type":"","overlay-color":"","overlay-opacity":"","overlay-gradient":""},"tablet":{"background-color":"","background-image":"","background-repeat":"repeat","background-position":"center center","background-size":"auto","background-attachment":"scroll","background-type":"","background-media":"","overlay-type":"","overlay-color":"","overlay-opacity":"","overlay-gradient":""},"mobile":{"background-color":"","background-image":"","background-repeat":"repeat","background-position":"center center","background-size":"auto","background-attachment":"scroll","background-type":"","background-media":"","overlay-type":"","overlay-color":"","overlay-opacity":"","overlay-gradient":""}},"ast-content-background-meta":{"desktop":{"background-color":"var(--ast-global-color-5)","background-image":"","background-repeat":"repeat","background-position":"center center","background-size":"auto","background-attachment":"scroll","background-type":"","background-media":"","overlay-type":"","overlay-color":"","overlay-opacity":"","overlay-gradient":""},"tablet":{"background-color":"var(--ast-global-color-5)","background-image":"","background-repeat":"repeat","background-position":"center center","background-size":"auto","background-attachment":"scroll","background-type":"","background-media":"","overlay-type":"","overlay-color":"","overlay-opacity":"","overlay-gradient":""},"mobile":{"background-color":"var(--ast-global-color-5)","background-image":"","background-repeat":"repeat","background-position":"center center","background-size":"auto","background-attachment":"scroll","background-type":"","background-media":"","overlay-type":"","overlay-color":"","overlay-opacity":"","overlay-gradient":""}}},"product_brand":[],"product_cat":[27,90],"product_tag":[28,29,30],"class_list":{"0":"post-103","1":"product","2":"type-product","3":"status-publish","4":"has-post-thumbnail","6":"product_cat-press-release","7":"product_cat-unmanaged","8":"product_tag-press-release","9":"product_tag-small-businesses","10":"product_tag-startups","11":"desktop-align-left","12":"tablet-align-left","13":"mobile-align-left","15":"first","16":"instock","17":"virtual","18":"purchasable","19":"product-type-simple"},"group_of_quantity":0,"min_quantity":0,"max_quantity":"","exclude_order_quantity_value_rules":"no","exclude_category_quantity_rules":"no","combine_variations":"no","yoast_head":"<!-- This site is optimized with the Yoast SEO Premium plugin v26.2 (Yoast SEO v26.2) - https:\/\/yoast.com\/wordpress\/plugins\/seo\/ -->\n<title>Starter News Distribution Package | Press Distribution to 350+ Sites - Graham Miranda SEO<\/title>\n<meta name=\"description\" content=\"Distribute your news to 350+ partner sites with backlinks, DA30\u201360 reach, and post\u2011delivery report. Fast 3\u20137 day turnaround.\" \/>\n<meta name=\"robots\" content=\"index, follow, max-snippet:-1, max-image-preview:large, max-video-preview:-1\" \/>\n<link rel=\"canonical\" href=\"https:\/\/seo.grahammiranda.com\/de\/shop\/unverwaltet\/pr-press-release-ultimate\/\" \/>\n<meta property=\"og:locale\" content=\"de_DE\" \/>\n<meta property=\"og:type\" content=\"article\" \/>\n<meta property=\"og:title\" content=\"Starter News Distribution Package\" \/>\n<meta property=\"og:description\" content=\"Distribute your news to 350+ partner sites with backlinks, DA30\u201360 reach, and post\u2011delivery report. Fast 3\u20137 day turnaround.\" \/>\n<meta property=\"og:url\" content=\"https:\/\/seo.grahammiranda.com\/de\/shop\/unverwaltet\/pr-press-release-ultimate\/\" \/>\n<meta property=\"og:site_name\" content=\"Graham Miranda SEO\" \/>\n<meta property=\"article:modified_time\" content=\"2025-10-06T11:12:12+00:00\" \/>\n<meta property=\"og:image\" content=\"https:\/\/seo.grahammiranda.com\/wp-content\/uploads\/2025\/08\/Starter.png\" \/>\n\t<meta property=\"og:image:width\" content=\"1536\" \/>\n\t<meta property=\"og:image:height\" content=\"1024\" \/>\n\t<meta property=\"og:image:type\" content=\"image\/png\" \/>\n<meta name=\"twitter:card\" content=\"summary_large_image\" \/>\n<meta name=\"twitter:label1\" content=\"Preis\" \/>\n\t<meta name=\"twitter:data1\" content=\"250,00&nbsp;&euro;\" \/>\n\t<meta name=\"twitter:label2\" content=\"Verf\u00fcgbarkeit\" \/>\n\t<meta name=\"twitter:data2\" content=\"Auf Lager\" \/>\n<script type=\"application\/ld+json\" class=\"yoast-schema-graph\">{\"@context\":\"https:\/\/schema.org\",\"@graph\":[{\"@type\":\"WebPage\",\"@id\":\"https:\/\/seo.grahammiranda.com\/de\/shop\/unverwaltet\/pr-press-release-ultimate\/\",\"url\":\"https:\/\/seo.grahammiranda.com\/de\/shop\/unverwaltet\/pr-press-release-ultimate\/\",\"name\":\"Starter News Distribution Package | Press Distribution to 350+ Sites - Graham Miranda SEO\",\"isPartOf\":{\"@id\":\"https:\/\/seo.grahammiranda.com\/de\/#website\"},\"primaryImageOfPage\":{\"@id\":\"https:\/\/seo.grahammiranda.com\/de\/shop\/unverwaltet\/pr-press-release-ultimate\/#primaryimage\"},\"image\":{\"@id\":\"https:\/\/seo.grahammiranda.com\/de\/shop\/unverwaltet\/pr-press-release-ultimate\/#primaryimage\"},\"thumbnailUrl\":\"https:\/\/seo.grahammiranda.com\/wp-content\/uploads\/2025\/08\/Starter.png\",\"datePublished\":\"2025-08-07T17:12:35+00:00\",\"dateModified\":\"2025-10-06T11:12:12+00:00\",\"description\":\"Distribute your news to 350+ partner sites with backlinks, DA30\u201360 reach, and post\u2011delivery report. Fast 3\u20137 day turnaround.\",\"breadcrumb\":{\"@id\":\"https:\/\/seo.grahammiranda.com\/de\/shop\/unverwaltet\/pr-press-release-ultimate\/#breadcrumb\"},\"inLanguage\":\"de\",\"potentialAction\":[{\"@type\":\"ReadAction\",\"target\":[\"https:\/\/seo.grahammiranda.com\/de\/shop\/unverwaltet\/pr-press-release-ultimate\/\"]}]},{\"@type\":\"ImageObject\",\"inLanguage\":\"de\",\"@id\":\"https:\/\/seo.grahammiranda.com\/de\/shop\/unverwaltet\/pr-press-release-ultimate\/#primaryimage\",\"url\":\"https:\/\/seo.grahammiranda.com\/wp-content\/uploads\/2025\/08\/Starter.png\",\"contentUrl\":\"https:\/\/seo.grahammiranda.com\/wp-content\/uploads\/2025\/08\/Starter.png\",\"width\":1536,\"height\":1024,\"caption\":\"Press distribution to 350+ sites with live-link reporting and 3\u20137 day turnaround\"},{\"@type\":\"BreadcrumbList\",\"@id\":\"https:\/\/seo.grahammiranda.com\/de\/shop\/unverwaltet\/pr-press-release-ultimate\/#breadcrumb\",\"itemListElement\":[{\"@type\":\"ListItem\",\"position\":1,\"name\":\"Home\",\"item\":\"https:\/\/seo.grahammiranda.com\/\"},{\"@type\":\"ListItem\",\"position\":2,\"name\":\"Shop\",\"item\":\"https:\/\/seo.grahammiranda.com\/shop\/\"},{\"@type\":\"ListItem\",\"position\":3,\"name\":\"Starter News Distribution Package\"}]},{\"@type\":\"WebSite\",\"@id\":\"https:\/\/seo.grahammiranda.com\/de\/#website\",\"url\":\"https:\/\/seo.grahammiranda.com\/de\/\",\"name\":\"Graham Miranda SEO\",\"description\":\"Professional SEO Backlink Services | Boost Rankings | Graham Miranda\",\"publisher\":{\"@id\":\"https:\/\/seo.grahammiranda.com\/de\/#organization\"},\"potentialAction\":[{\"@type\":\"SearchAction\",\"target\":{\"@type\":\"EntryPoint\",\"urlTemplate\":\"https:\/\/seo.grahammiranda.com\/de\/?s={search_term_string}\"},\"query-input\":{\"@type\":\"PropertyValueSpecification\",\"valueRequired\":true,\"valueName\":\"search_term_string\"}}],\"inLanguage\":\"de\"},{\"@type\":\"Organization\",\"@id\":\"https:\/\/seo.grahammiranda.com\/de\/#organization\",\"name\":\"Graham Miranda SEO\",\"url\":\"https:\/\/seo.grahammiranda.com\/de\/\",\"logo\":{\"@type\":\"ImageObject\",\"inLanguage\":\"de\",\"@id\":\"https:\/\/seo.grahammiranda.com\/de\/#\/schema\/logo\/image\/\",\"url\":\"https:\/\/seo.grahammiranda.com\/wp-content\/uploads\/2025\/09\/generated_image_10-1.webp\",\"contentUrl\":\"https:\/\/seo.grahammiranda.com\/wp-content\/uploads\/2025\/09\/generated_image_10-1.webp\",\"width\":1024,\"height\":1024,\"caption\":\"Graham Miranda SEO\"},\"image\":{\"@id\":\"https:\/\/seo.grahammiranda.com\/de\/#\/schema\/logo\/image\/\"},\"hasMerchantReturnPolicy\":{\"@type\":\"MerchantReturnPolicy\",\"merchantReturnLink\":\"https:\/\/seo.grahammiranda.com\/de\/legal\/erstattungsrichtlinie\/\"}}]}<\/script>\n<meta property=\"product:price:amount\" content=\"250.00\" \/>\n<meta property=\"product:price:currency\" content=\"EUR\" \/>\n<meta property=\"og:availability\" content=\"instock\" \/>\n<meta property=\"product:availability\" content=\"instock\" \/>\n<meta property=\"product:retailer_item_id\" content=\"NX-38\" \/>\n<meta property=\"product:condition\" content=\"new\" \/>\n<!-- \/ Yoast SEO Premium plugin. -->","yoast_head_json":{"title":"Starter News Distribution Paket | Presse Distribution an 350+ Seiten - Graham Miranda SEO","description":"Verbreiten Sie Ihre Nachrichten an 350+ Partnerseiten mit Backlinks, DA30-60 Reichweite und Post-Delivery-Report. Schnelle 3-7 Tage Bearbeitungszeit.","robots":{"index":"index","follow":"follow","max-snippet":"max-snippet:-1","max-image-preview":"max-image-preview:large","max-video-preview":"max-video-preview:-1"},"canonical":"https:\/\/seo.grahammiranda.com\/de\/shop\/unverwaltet\/pr-press-release-ultimate\/","og_locale":"de_DE","og_type":"article","og_title":"Starter News Distribution Package","og_description":"Distribute your news to 350+ partner sites with backlinks, DA30\u201360 reach, and post\u2011delivery report. Fast 3\u20137 day turnaround.","og_url":"https:\/\/seo.grahammiranda.com\/de\/shop\/unverwaltet\/pr-press-release-ultimate\/","og_site_name":"Graham Miranda SEO","article_modified_time":"2025-10-06T11:12:12+00:00","og_image":[{"width":1536,"height":1024,"url":"https:\/\/seo.grahammiranda.com\/wp-content\/uploads\/2025\/08\/Starter.png","type":"image\/png"}],"twitter_card":"summary_large_image","twitter_misc":{"Preis":"250,00&nbsp;&euro;","Verf\u00fcgbarkeit":"Auf Lager"},"schema":{"@context":"https:\/\/schema.org","@graph":[{"@type":"WebPage","@id":"https:\/\/seo.grahammiranda.com\/de\/shop\/unverwaltet\/pr-press-release-ultimate\/","url":"https:\/\/seo.grahammiranda.com\/de\/shop\/unverwaltet\/pr-press-release-ultimate\/","name":"Starter News Distribution Paket | Presse Distribution an 350+ Seiten - Graham Miranda SEO","isPartOf":{"@id":"https:\/\/seo.grahammiranda.com\/de\/#website"},"primaryImageOfPage":{"@id":"https:\/\/seo.grahammiranda.com\/de\/shop\/unverwaltet\/pr-press-release-ultimate\/#primaryimage"},"image":{"@id":"https:\/\/seo.grahammiranda.com\/de\/shop\/unverwaltet\/pr-press-release-ultimate\/#primaryimage"},"thumbnailUrl":"https:\/\/seo.grahammiranda.com\/wp-content\/uploads\/2025\/08\/Starter.png","datePublished":"2025-08-07T17:12:35+00:00","dateModified":"2025-10-06T11:12:12+00:00","description":"Verbreiten Sie Ihre Nachrichten an 350+ Partnerseiten mit Backlinks, DA30-60 Reichweite und Post-Delivery-Report. Schnelle 3-7 Tage Bearbeitungszeit.","breadcrumb":{"@id":"https:\/\/seo.grahammiranda.com\/de\/shop\/unverwaltet\/pr-press-release-ultimate\/#breadcrumb"},"inLanguage":"de","potentialAction":[{"@type":"ReadAction","target":["https:\/\/seo.grahammiranda.com\/de\/shop\/unverwaltet\/pr-press-release-ultimate\/"]}]},{"@type":"ImageObject","inLanguage":"de","@id":"https:\/\/seo.grahammiranda.com\/de\/shop\/unverwaltet\/pr-press-release-ultimate\/#primaryimage","url":"https:\/\/seo.grahammiranda.com\/wp-content\/uploads\/2025\/08\/Starter.png","contentUrl":"https:\/\/seo.grahammiranda.com\/wp-content\/uploads\/2025\/08\/Starter.png","width":1536,"height":1024,"caption":"Press distribution to 350+ sites with live-link reporting and 3\u20137 day turnaround"},{"@type":"BreadcrumbList","@id":"https:\/\/seo.grahammiranda.com\/de\/shop\/unverwaltet\/pr-press-release-ultimate\/#breadcrumb","itemListElement":[{"@type":"ListItem","position":1,"name":"Home","item":"https:\/\/seo.grahammiranda.com\/"},{"@type":"ListItem","position":2,"name":"Shop","item":"https:\/\/seo.grahammiranda.com\/shop\/"},{"@type":"ListItem","position":3,"name":"Starter News Distribution Package"}]},{"@type":"WebSite","@id":"https:\/\/seo.grahammiranda.com\/de\/#website","url":"https:\/\/seo.grahammiranda.com\/de\/","name":"Graham Miranda SEO","description":"Professionelle SEO Backlink Dienstleistungen | Boost Rankings | Graham Miranda","publisher":{"@id":"https:\/\/seo.grahammiranda.com\/de\/#organization"},"potentialAction":[{"@type":"SearchAction","target":{"@type":"EntryPoint","urlTemplate":"https:\/\/seo.grahammiranda.com\/de\/?s={search_term_string}"},"query-input":{"@type":"PropertyValueSpecification","valueRequired":true,"valueName":"search_term_string"}}],"inLanguage":"de"},{"@type":"Organization","@id":"https:\/\/seo.grahammiranda.com\/de\/#organization","name":"Graham Miranda SEO","url":"https:\/\/seo.grahammiranda.com\/de\/","logo":{"@type":"ImageObject","inLanguage":"de","@id":"https:\/\/seo.grahammiranda.com\/de\/#\/schema\/logo\/image\/","url":"https:\/\/seo.grahammiranda.com\/wp-content\/uploads\/2025\/09\/generated_image_10-1.webp","contentUrl":"https:\/\/seo.grahammiranda.com\/wp-content\/uploads\/2025\/09\/generated_image_10-1.webp","width":1024,"height":1024,"caption":"Graham Miranda SEO"},"image":{"@id":"https:\/\/seo.grahammiranda.com\/de\/#\/schema\/logo\/image\/"},"hasMerchantReturnPolicy":{"@type":"MerchantReturnPolicy","merchantReturnLink":"https:\/\/seo.grahammiranda.com\/de\/legal\/erstattungsrichtlinie\/"}}]},"product_price_amount":"250.00","product_price_currency":"EUR","og_availability":"instock","product_availability":"instock","product_retailer_item_id":"NX-38","product_condition":"new"},"_links":{"self":[{"href":"https:\/\/seo.grahammiranda.com\/de\/wp-json\/wp\/v2\/product\/103","targetHints":{"allow":["GET"]}}],"collection":[{"href":"https:\/\/seo.grahammiranda.com\/de\/wp-json\/wp\/v2\/product"}],"about":[{"href":"https:\/\/seo.grahammiranda.com\/de\/wp-json\/wp\/v2\/types\/product"}],"wp:featuredmedia":[{"embeddable":true,"href":"https:\/\/seo.grahammiranda.com\/de\/wp-json\/wp\/v2\/media\/3394"}],"wp:attachment":[{"href":"https:\/\/seo.grahammiranda.com\/de\/wp-json\/wp\/v2\/media?parent=103"}],"wp:term":[{"taxonomy":"product_brand","embeddable":true,"href":"https:\/\/seo.grahammiranda.com\/de\/wp-json\/wp\/v2\/product_brand?post=103"},{"taxonomy":"product_cat","embeddable":true,"href":"https:\/\/seo.grahammiranda.com\/de\/wp-json\/wp\/v2\/product_cat?post=103"},{"taxonomy":"product_tag","embeddable":true,"href":"https:\/\/seo.grahammiranda.com\/de\/wp-json\/wp\/v2\/product_tag?post=103"}],"curies":[{"name":"wp","href":"https:\/\/api.w.org\/{rel}","templated":true}]}}