{"id":104,"date":"2025-08-07T17:12:36","date_gmt":"2025-08-07T17:12:36","guid":{"rendered":"https:\/\/seo.grahammiranda.com\/product\/blog-rtcl-hq-hq-blog-articles\/"},"modified":"2025-10-06T13:10:36","modified_gmt":"2025-10-06T11:10:36","slug":"blog-rtcl-hq-hq-blog-artikel","status":"publish","type":"product","link":"https:\/\/seo.grahammiranda.com\/de\/shop\/unverwaltet\/blog-rtcl-hq-hq-blog-artikel\/","title":{"rendered":"HQ Blog Articles - Hochwertiger Backlink-Service"},"content":{"rendered":"<p class=\"my-2 [&amp;+p]:mt-4 [&amp;_strong:has(+br)]:inline-block [&amp;_strong:has(+br)]:pb-2\">Unser\u00a0<strong>HQ Blog Artikel<\/strong>\u00a0Service liefert fachm\u00e4nnisch erstellte, SEO-optimierte Blogbeitr\u00e4ge, die auf ma\u00dfgeblichen Websites Ihrer Branche ver\u00f6ffentlicht werden. Jeder Artikel ist mit strategisch platzierten Do-Follow-Backlinks zu Ihrer Website versehen, die zu mehr Besucherzahlen f\u00fchren und den Linkwert erh\u00f6hen. Wir k\u00fcmmern uns um die Themenrecherche, die Erstellung von Inhalten, die Kontaktaufnahme und die Platzierung - und gew\u00e4hrleisten so White-Hat-Methoden und maximalen ROI.<\/p>\n<p class=\"my-2 [&amp;+p]:mt-4 [&amp;_strong:has(+br)]:inline-block [&amp;_strong:has(+br)]:pb-2\">Die wichtigsten Vorteile:<\/p>\n<ul class=\"marker:text-quiet list-disc\">\n<li class=\"py-0 my-0 prose-p:pt-0 prose-p:mb-2 prose-p:my-0 [&amp;&gt;p]:pt-0 [&amp;&gt;p]:mb-2 [&amp;&gt;p]:my-0\">\n<p class=\"my-2 [&amp;+p]:mt-4 [&amp;_strong:has(+br)]:inline-block [&amp;_strong:has(+br)]:pb-2\">Individuell verfasste, ausf\u00fchrliche Blog-Artikel (800-1.200 W\u00f6rter)<\/p>\n<\/li>\n<li class=\"py-0 my-0 prose-p:pt-0 prose-p:mb-2 prose-p:my-0 [&amp;&gt;p]:pt-0 [&amp;&gt;p]:mb-2 [&amp;&gt;p]:my-0\">\n<p class=\"my-2 [&amp;+p]:mt-4 [&amp;_strong:has(+br)]:inline-block [&amp;_strong:has(+br)]:pb-2\">Platzierung auf Blogs mit hohem DA (Domain Authority 40+)<\/p>\n<\/li>\n<li class=\"py-0 my-0 prose-p:pt-0 prose-p:mb-2 prose-p:my-0 [&amp;&gt;p]:pt-0 [&amp;&gt;p]:mb-2 [&amp;&gt;p]:my-0\">\n<p class=\"my-2 [&amp;+p]:mt-4 [&amp;_strong:has(+br)]:inline-block [&amp;_strong:has(+br)]:pb-2\">Nat\u00fcrliche Ankertextvariationen f\u00fcr SEO-Sicherheit<\/p>\n<\/li>\n<li class=\"py-0 my-0 prose-p:pt-0 prose-p:mb-2 prose-p:my-0 [&amp;&gt;p]:pt-0 [&amp;&gt;p]:mb-2 [&amp;&gt;p]:my-0\">\n<p class=\"my-2 [&amp;+p]:mt-4 [&amp;_strong:has(+br)]:inline-block [&amp;_strong:has(+br)]:pb-2\">Gr\u00fcndliche Themen- und Stichwortrecherche<\/p>\n<\/li>\n<li class=\"py-0 my-0 prose-p:pt-0 prose-p:mb-2 prose-p:my-0 [&amp;&gt;p]:pt-0 [&amp;&gt;p]:mb-2 [&amp;&gt;p]:my-0\">\n<p class=\"my-2 [&amp;+p]:mt-4 [&amp;_strong:has(+br)]:inline-block [&amp;_strong:has(+br)]:pb-2\">Detaillierter Platzierungsbericht mit Live-URLs, DA-Scores und Ver\u00f6ffentlichungsdaten<\/p>\n<\/li>\n<\/ul>\n<p class=\"my-2 [&amp;+p]:mt-4 [&amp;_strong:has(+br)]:inline-block [&amp;_strong:has(+br)]:pb-2\">Ideal f\u00fcr:<\/p>\n<ul class=\"marker:text-quiet list-disc\">\n<li class=\"py-0 my-0 prose-p:pt-0 prose-p:mb-2 prose-p:my-0 [&amp;&gt;p]:pt-0 [&amp;&gt;p]:mb-2 [&amp;&gt;p]:my-0\">\n<p class=\"my-2 [&amp;+p]:mt-4 [&amp;_strong:has(+br)]:inline-block [&amp;_strong:has(+br)]:pb-2\">E-Commerce-Marken, die auf ein Nischenpublikum abzielen<\/p>\n<\/li>\n<li class=\"py-0 my-0 prose-p:pt-0 prose-p:mb-2 prose-p:my-0 [&amp;&gt;p]:pt-0 [&amp;&gt;p]:mb-2 [&amp;&gt;p]:my-0\">\n<p class=\"my-2 [&amp;+p]:mt-4 [&amp;_strong:has(+br)]:inline-block [&amp;_strong:has(+br)]:pb-2\">SaaS- und Technologieunternehmen, die Branchenkompetenz suchen<\/p>\n<\/li>\n<li class=\"py-0 my-0 prose-p:pt-0 prose-p:mb-2 prose-p:my-0 [&amp;&gt;p]:pt-0 [&amp;&gt;p]:mb-2 [&amp;&gt;p]:my-0\">\n<p class=\"my-2 [&amp;+p]:mt-4 [&amp;_strong:has(+br)]:inline-block [&amp;_strong:has(+br)]:pb-2\">Content-Vermarkter mit dem Ziel eines nachhaltigen SEO-Wachstums<\/p>\n<\/li>\n<\/ul>","protected":false},"excerpt":{"rendered":"<p class=\"my-2 [&amp;+p]:mt-4 [&amp;_strong:has(+br)]:inline-block [&amp;_strong:has(+br)]:pb-2\">Erwerben Sie hochwertige, nischenrelevante Blog-Artikel mit Do-Follow-Backlinks, um Ihre Domain-Autorit\u00e4t und Ihr Suchranking zu verbessern.<\/p>","protected":false},"featured_media":3477,"template":"","meta":{"site-sidebar-layout":"default","site-content-layout":"","ast-site-content-layout":"default","site-content-style":"default","site-sidebar-style":"default","ast-global-header-display":"","ast-banner-title-visibility":"","ast-main-header-display":"","ast-hfb-above-header-display":"","ast-hfb-below-header-display":"","ast-hfb-mobile-header-display":"","site-post-title":"","ast-breadcrumbs-content":"","ast-featured-img":"","footer-sml-layout":"","theme-transparent-header-meta":"default","adv-header-id-meta":"","stick-header-meta":"","header-above-stick-meta":"","header-main-stick-meta":"","header-below-stick-meta":"","astra-migrate-meta-layouts":"set","ast-page-background-enabled":"default","ast-page-background-meta":{"desktop":{"background-color":"var(--ast-global-color-4)","background-image":"","background-repeat":"repeat","background-position":"center center","background-size":"auto","background-attachment":"scroll","background-type":"","background-media":"","overlay-type":"","overlay-color":"","overlay-opacity":"","overlay-gradient":""},"tablet":{"background-color":"","background-image":"","background-repeat":"repeat","background-position":"center center","background-size":"auto","background-attachment":"scroll","background-type":"","background-media":"","overlay-type":"","overlay-color":"","overlay-opacity":"","overlay-gradient":""},"mobile":{"background-color":"","background-image":"","background-repeat":"repeat","background-position":"center center","background-size":"auto","background-attachment":"scroll","background-type":"","background-media":"","overlay-type":"","overlay-color":"","overlay-opacity":"","overlay-gradient":""}},"ast-content-background-meta":{"desktop":{"background-color":"var(--ast-global-color-5)","background-image":"","background-repeat":"repeat","background-position":"center center","background-size":"auto","background-attachment":"scroll","background-type":"","background-media":"","overlay-type":"","overlay-color":"","overlay-opacity":"","overlay-gradient":""},"tablet":{"background-color":"var(--ast-global-color-5)","background-image":"","background-repeat":"repeat","background-position":"center center","background-size":"auto","background-attachment":"scroll","background-type":"","background-media":"","overlay-type":"","overlay-color":"","overlay-opacity":"","overlay-gradient":""},"mobile":{"background-color":"var(--ast-global-color-5)","background-image":"","background-repeat":"repeat","background-position":"center center","background-size":"auto","background-attachment":"scroll","background-type":"","background-media":"","overlay-type":"","overlay-color":"","overlay-opacity":"","overlay-gradient":""}}},"product_brand":[],"product_cat":[17,18,90],"product_tag":[],"class_list":{"0":"post-104","1":"product","2":"type-product","3":"status-publish","4":"has-post-thumbnail","6":"product_cat-bulk-link-packages","7":"product_cat-premium-backlinks","8":"product_cat-unmanaged","9":"desktop-align-left","10":"tablet-align-left","11":"mobile-align-left","13":"first","14":"instock","15":"virtual","16":"purchasable","17":"product-type-simple"},"group_of_quantity":0,"min_quantity":3,"max_quantity":"","exclude_order_quantity_value_rules":"no","exclude_category_quantity_rules":"no","combine_variations":"no","yoast_head":"<!-- This site is optimized with the Yoast SEO Premium plugin v26.2 (Yoast SEO v26.2) - https:\/\/yoast.com\/wordpress\/plugins\/seo\/ -->\n<title>HQ Blog Articles \u2013 Premium High-Quality Backlink Service<\/title>\n<meta name=\"description\" content=\"Buy HQ blog articles with do-follow backlinks on high-DA sites. Premium content placement service to boost domain authority, organic traffic, and rankings.\" \/>\n<meta name=\"robots\" content=\"index, follow, max-snippet:-1, max-image-preview:large, max-video-preview:-1\" \/>\n<link rel=\"canonical\" href=\"https:\/\/seo.grahammiranda.com\/de\/shop\/unverwaltet\/blog-rtcl-hq-hq-blog-artikel\/\" \/>\n<meta property=\"og:locale\" content=\"de_DE\" \/>\n<meta property=\"og:type\" content=\"article\" \/>\n<meta property=\"og:title\" content=\"HQ Blog Articles \u2013 Premium High-Quality Backlink Service\" \/>\n<meta property=\"og:description\" content=\"Buy HQ blog articles with do-follow backlinks on high-DA sites. Premium content placement service to boost domain authority, organic traffic, and rankings.\" \/>\n<meta property=\"og:url\" content=\"https:\/\/seo.grahammiranda.com\/de\/shop\/unverwaltet\/blog-rtcl-hq-hq-blog-artikel\/\" \/>\n<meta property=\"og:site_name\" content=\"Graham Miranda SEO\" \/>\n<meta property=\"article:modified_time\" content=\"2025-10-06T11:10:36+00:00\" \/>\n<meta property=\"og:image\" content=\"https:\/\/seo.grahammiranda.com\/wp-content\/uploads\/2025\/08\/generated_image_2.avif\" \/>\n\t<meta property=\"og:image:width\" content=\"1024\" \/>\n\t<meta property=\"og:image:height\" content=\"1024\" \/>\n\t<meta property=\"og:image:type\" content=\"image\/png\" \/>\n<meta name=\"twitter:card\" content=\"summary_large_image\" \/>\n<meta name=\"twitter:label1\" content=\"Preis\" \/>\n\t<meta name=\"twitter:data1\" content=\"1,13&nbsp;&euro;\" \/>\n\t<meta name=\"twitter:label2\" content=\"Verf\u00fcgbarkeit\" \/>\n\t<meta name=\"twitter:data2\" content=\"Auf Lager\" \/>\n<script type=\"application\/ld+json\" class=\"yoast-schema-graph\">{\"@context\":\"https:\/\/schema.org\",\"@graph\":[{\"@type\":\"WebPage\",\"@id\":\"https:\/\/seo.grahammiranda.com\/de\/shop\/unverwaltet\/blog-rtcl-hq-hq-blog-artikel\/\",\"url\":\"https:\/\/seo.grahammiranda.com\/de\/shop\/unverwaltet\/blog-rtcl-hq-hq-blog-artikel\/\",\"name\":\"HQ Blog Articles \u2013 Premium High-Quality Backlink Service\",\"isPartOf\":{\"@id\":\"https:\/\/seo.grahammiranda.com\/de\/#website\"},\"primaryImageOfPage\":{\"@id\":\"https:\/\/seo.grahammiranda.com\/de\/shop\/unverwaltet\/blog-rtcl-hq-hq-blog-artikel\/#primaryimage\"},\"image\":{\"@id\":\"https:\/\/seo.grahammiranda.com\/de\/shop\/unverwaltet\/blog-rtcl-hq-hq-blog-artikel\/#primaryimage\"},\"thumbnailUrl\":\"https:\/\/seo.grahammiranda.com\/wp-content\/uploads\/2025\/08\/generated_image_2.avif\",\"datePublished\":\"2025-08-07T17:12:36+00:00\",\"dateModified\":\"2025-10-06T11:10:36+00:00\",\"description\":\"Buy HQ blog articles with do-follow backlinks on high-DA sites. Premium content placement service to boost domain authority, organic traffic, and rankings.\",\"breadcrumb\":{\"@id\":\"https:\/\/seo.grahammiranda.com\/de\/shop\/unverwaltet\/blog-rtcl-hq-hq-blog-artikel\/#breadcrumb\"},\"inLanguage\":\"de\",\"potentialAction\":[{\"@type\":\"ReadAction\",\"target\":[\"https:\/\/seo.grahammiranda.com\/de\/shop\/unverwaltet\/blog-rtcl-hq-hq-blog-artikel\/\"]}]},{\"@type\":\"ImageObject\",\"inLanguage\":\"de\",\"@id\":\"https:\/\/seo.grahammiranda.com\/de\/shop\/unverwaltet\/blog-rtcl-hq-hq-blog-artikel\/#primaryimage\",\"url\":\"https:\/\/seo.grahammiranda.com\/wp-content\/uploads\/2025\/08\/generated_image_2.avif\",\"contentUrl\":\"https:\/\/seo.grahammiranda.com\/wp-content\/uploads\/2025\/08\/generated_image_2.avif\",\"width\":1024,\"height\":1024,\"caption\":\"Guest Posting Service - High-Quality Content Placement\"},{\"@type\":\"BreadcrumbList\",\"@id\":\"https:\/\/seo.grahammiranda.com\/de\/shop\/unverwaltet\/blog-rtcl-hq-hq-blog-artikel\/#breadcrumb\",\"itemListElement\":[{\"@type\":\"ListItem\",\"position\":1,\"name\":\"Home\",\"item\":\"https:\/\/seo.grahammiranda.com\/\"},{\"@type\":\"ListItem\",\"position\":2,\"name\":\"Shop\",\"item\":\"https:\/\/seo.grahammiranda.com\/shop\/\"},{\"@type\":\"ListItem\",\"position\":3,\"name\":\"HQ Blog Articles \u2013 Premium High-Quality Backlink Service\"}]},{\"@type\":\"WebSite\",\"@id\":\"https:\/\/seo.grahammiranda.com\/de\/#website\",\"url\":\"https:\/\/seo.grahammiranda.com\/de\/\",\"name\":\"Graham Miranda SEO\",\"description\":\"Professional SEO Backlink Services | Boost Rankings | Graham Miranda\",\"publisher\":{\"@id\":\"https:\/\/seo.grahammiranda.com\/de\/#organization\"},\"potentialAction\":[{\"@type\":\"SearchAction\",\"target\":{\"@type\":\"EntryPoint\",\"urlTemplate\":\"https:\/\/seo.grahammiranda.com\/de\/?s={search_term_string}\"},\"query-input\":{\"@type\":\"PropertyValueSpecification\",\"valueRequired\":true,\"valueName\":\"search_term_string\"}}],\"inLanguage\":\"de\"},{\"@type\":\"Organization\",\"@id\":\"https:\/\/seo.grahammiranda.com\/de\/#organization\",\"name\":\"Graham Miranda SEO\",\"url\":\"https:\/\/seo.grahammiranda.com\/de\/\",\"logo\":{\"@type\":\"ImageObject\",\"inLanguage\":\"de\",\"@id\":\"https:\/\/seo.grahammiranda.com\/de\/#\/schema\/logo\/image\/\",\"url\":\"https:\/\/seo.grahammiranda.com\/wp-content\/uploads\/2025\/09\/generated_image_10-1.webp\",\"contentUrl\":\"https:\/\/seo.grahammiranda.com\/wp-content\/uploads\/2025\/09\/generated_image_10-1.webp\",\"width\":1024,\"height\":1024,\"caption\":\"Graham Miranda SEO\"},\"image\":{\"@id\":\"https:\/\/seo.grahammiranda.com\/de\/#\/schema\/logo\/image\/\"},\"hasMerchantReturnPolicy\":{\"@type\":\"MerchantReturnPolicy\",\"merchantReturnLink\":\"https:\/\/seo.grahammiranda.com\/de\/legal\/erstattungsrichtlinie\/\"}}]}<\/script>\n<meta property=\"product:price:amount\" content=\"1.13\" \/>\n<meta property=\"product:price:currency\" content=\"EUR\" \/>\n<meta property=\"og:availability\" content=\"instock\" \/>\n<meta property=\"product:availability\" content=\"instock\" \/>\n<meta property=\"product:retailer_item_id\" content=\"NX-37\" \/>\n<meta property=\"product:condition\" content=\"new\" \/>\n<!-- \/ Yoast SEO Premium plugin. -->","yoast_head_json":{"title":"HQ Blog Articles - Hochwertiger Backlink-Service","description":"Kaufen Sie HQ-Blogartikel mit Do-Follow-Backlinks auf Websites mit hoher Domain-Autorit\u00e4t. Premium-Content-Placement-Service zur Steigerung von Domain-Autorit\u00e4t, organischem Traffic und Rankings.","robots":{"index":"index","follow":"follow","max-snippet":"max-snippet:-1","max-image-preview":"max-image-preview:large","max-video-preview":"max-video-preview:-1"},"canonical":"https:\/\/seo.grahammiranda.com\/de\/shop\/unverwaltet\/blog-rtcl-hq-hq-blog-artikel\/","og_locale":"de_DE","og_type":"article","og_title":"HQ Blog Articles \u2013 Premium High-Quality Backlink Service","og_description":"Buy HQ blog articles with do-follow backlinks on high-DA sites. Premium content placement service to boost domain authority, organic traffic, and rankings.","og_url":"https:\/\/seo.grahammiranda.com\/de\/shop\/unverwaltet\/blog-rtcl-hq-hq-blog-artikel\/","og_site_name":"Graham Miranda SEO","article_modified_time":"2025-10-06T11:10:36+00:00","og_image":[{"width":1024,"height":1024,"url":"https:\/\/seo.grahammiranda.com\/wp-content\/uploads\/2025\/08\/generated_image_2.avif","type":"image\/png"}],"twitter_card":"summary_large_image","twitter_misc":{"Preis":"1,13&nbsp;&euro;","Verf\u00fcgbarkeit":"Auf Lager"},"schema":{"@context":"https:\/\/schema.org","@graph":[{"@type":"WebPage","@id":"https:\/\/seo.grahammiranda.com\/de\/shop\/unverwaltet\/blog-rtcl-hq-hq-blog-artikel\/","url":"https:\/\/seo.grahammiranda.com\/de\/shop\/unverwaltet\/blog-rtcl-hq-hq-blog-artikel\/","name":"HQ Blog Articles - Hochwertiger Backlink-Service","isPartOf":{"@id":"https:\/\/seo.grahammiranda.com\/de\/#website"},"primaryImageOfPage":{"@id":"https:\/\/seo.grahammiranda.com\/de\/shop\/unverwaltet\/blog-rtcl-hq-hq-blog-artikel\/#primaryimage"},"image":{"@id":"https:\/\/seo.grahammiranda.com\/de\/shop\/unverwaltet\/blog-rtcl-hq-hq-blog-artikel\/#primaryimage"},"thumbnailUrl":"https:\/\/seo.grahammiranda.com\/wp-content\/uploads\/2025\/08\/generated_image_2.avif","datePublished":"2025-08-07T17:12:36+00:00","dateModified":"2025-10-06T11:10:36+00:00","description":"Kaufen Sie HQ-Blogartikel mit Do-Follow-Backlinks auf Websites mit hoher Domain-Autorit\u00e4t. Premium-Content-Placement-Service zur Steigerung von Domain-Autorit\u00e4t, organischem Traffic und Rankings.","breadcrumb":{"@id":"https:\/\/seo.grahammiranda.com\/de\/shop\/unverwaltet\/blog-rtcl-hq-hq-blog-artikel\/#breadcrumb"},"inLanguage":"de","potentialAction":[{"@type":"ReadAction","target":["https:\/\/seo.grahammiranda.com\/de\/shop\/unverwaltet\/blog-rtcl-hq-hq-blog-artikel\/"]}]},{"@type":"ImageObject","inLanguage":"de","@id":"https:\/\/seo.grahammiranda.com\/de\/shop\/unverwaltet\/blog-rtcl-hq-hq-blog-artikel\/#primaryimage","url":"https:\/\/seo.grahammiranda.com\/wp-content\/uploads\/2025\/08\/generated_image_2.avif","contentUrl":"https:\/\/seo.grahammiranda.com\/wp-content\/uploads\/2025\/08\/generated_image_2.avif","width":1024,"height":1024,"caption":"Guest Posting Service - High-Quality Content Placement"},{"@type":"BreadcrumbList","@id":"https:\/\/seo.grahammiranda.com\/de\/shop\/unverwaltet\/blog-rtcl-hq-hq-blog-artikel\/#breadcrumb","itemListElement":[{"@type":"ListItem","position":1,"name":"Home","item":"https:\/\/seo.grahammiranda.com\/"},{"@type":"ListItem","position":2,"name":"Shop","item":"https:\/\/seo.grahammiranda.com\/shop\/"},{"@type":"ListItem","position":3,"name":"HQ Blog Articles \u2013 Premium High-Quality Backlink Service"}]},{"@type":"WebSite","@id":"https:\/\/seo.grahammiranda.com\/de\/#website","url":"https:\/\/seo.grahammiranda.com\/de\/","name":"Graham Miranda SEO","description":"Professionelle SEO Backlink Dienstleistungen | Boost Rankings | Graham Miranda","publisher":{"@id":"https:\/\/seo.grahammiranda.com\/de\/#organization"},"potentialAction":[{"@type":"SearchAction","target":{"@type":"EntryPoint","urlTemplate":"https:\/\/seo.grahammiranda.com\/de\/?s={search_term_string}"},"query-input":{"@type":"PropertyValueSpecification","valueRequired":true,"valueName":"search_term_string"}}],"inLanguage":"de"},{"@type":"Organization","@id":"https:\/\/seo.grahammiranda.com\/de\/#organization","name":"Graham Miranda SEO","url":"https:\/\/seo.grahammiranda.com\/de\/","logo":{"@type":"ImageObject","inLanguage":"de","@id":"https:\/\/seo.grahammiranda.com\/de\/#\/schema\/logo\/image\/","url":"https:\/\/seo.grahammiranda.com\/wp-content\/uploads\/2025\/09\/generated_image_10-1.webp","contentUrl":"https:\/\/seo.grahammiranda.com\/wp-content\/uploads\/2025\/09\/generated_image_10-1.webp","width":1024,"height":1024,"caption":"Graham Miranda SEO"},"image":{"@id":"https:\/\/seo.grahammiranda.com\/de\/#\/schema\/logo\/image\/"},"hasMerchantReturnPolicy":{"@type":"MerchantReturnPolicy","merchantReturnLink":"https:\/\/seo.grahammiranda.com\/de\/legal\/erstattungsrichtlinie\/"}}]},"product_price_amount":"1.13","product_price_currency":"EUR","og_availability":"instock","product_availability":"instock","product_retailer_item_id":"NX-37","product_condition":"new"},"_links":{"self":[{"href":"https:\/\/seo.grahammiranda.com\/de\/wp-json\/wp\/v2\/product\/104","targetHints":{"allow":["GET"]}}],"collection":[{"href":"https:\/\/seo.grahammiranda.com\/de\/wp-json\/wp\/v2\/product"}],"about":[{"href":"https:\/\/seo.grahammiranda.com\/de\/wp-json\/wp\/v2\/types\/product"}],"wp:featuredmedia":[{"embeddable":true,"href":"https:\/\/seo.grahammiranda.com\/de\/wp-json\/wp\/v2\/media\/3477"}],"wp:attachment":[{"href":"https:\/\/seo.grahammiranda.com\/de\/wp-json\/wp\/v2\/media?parent=104"}],"wp:term":[{"taxonomy":"product_brand","embeddable":true,"href":"https:\/\/seo.grahammiranda.com\/de\/wp-json\/wp\/v2\/product_brand?post=104"},{"taxonomy":"product_cat","embeddable":true,"href":"https:\/\/seo.grahammiranda.com\/de\/wp-json\/wp\/v2\/product_cat?post=104"},{"taxonomy":"product_tag","embeddable":true,"href":"https:\/\/seo.grahammiranda.com\/de\/wp-json\/wp\/v2\/product_tag?post=104"}],"curies":[{"name":"wp","href":"https:\/\/api.w.org\/{rel}","templated":true}]}}