{"id":111,"date":"2025-08-07T17:12:40","date_gmt":"2025-08-07T17:12:40","guid":{"rendered":"https:\/\/seo.grahammiranda.com\/product\/da50-do-da-domain-authority-50-do-follow\/"},"modified":"2025-10-06T13:10:24","modified_gmt":"2025-10-06T11:10:24","slug":"da50-do-da-domain-authority-50-do-follow","status":"publish","type":"product","link":"https:\/\/seo.grahammiranda.com\/de\/shop\/unverwaltet\/da50-do-da-domain-authority-50-do-follow\/","title":{"rendered":"DA50-DO - DA (Domain Authority) 50+ Do-follow"},"content":{"rendered":"<p class=\"my-2 [&amp;+p]:mt-4 [&amp;_strong:has(+br)]:inline-block [&amp;_strong:has(+br)]:pb-2\">Nutzen Sie die Macht von Backlinks mit hoher Autorit\u00e4t, um Ihre SEO-Performance in die H\u00f6he zu treiben. Unser DA 50+ Do-Follow Backlink Service liefert manuell kuratierte Links von ma\u00dfgeblichen Domains mit Domain Authority 50 und mehr. Jeder Link wird in relevantem, verkehrsstarkem Content platziert, um maximale Sichtbarkeit und Verweisverkehr zu gew\u00e4hrleisten. Sie erhalten detaillierte Link-Berichte, damit Sie die Verbesserungen bei der Autorit\u00e4t und den organischen Rankings Ihrer Website verfolgen k\u00f6nnen.<\/p>\n<p class=\"my-2 [&amp;+p]:mt-4 [&amp;_strong:has(+br)]:inline-block [&amp;_strong:has(+br)]:pb-2\">Wichtigste Vorteile:<\/p>\n<ul class=\"marker:text-quiet list-disc\">\n<li class=\"py-0 my-0 prose-p:pt-0 prose-p:mb-2 prose-p:my-0 [&amp;&gt;p]:pt-0 [&amp;&gt;p]:mb-2 [&amp;&gt;p]:my-0\">\n<p class=\"my-2 [&amp;+p]:mt-4 [&amp;_strong:has(+br)]:inline-block [&amp;_strong:has(+br)]:pb-2\">Garantierte DA 50+ Do-Follow-Links<\/p>\n<\/li>\n<li class=\"py-0 my-0 prose-p:pt-0 prose-p:mb-2 prose-p:my-0 [&amp;&gt;p]:pt-0 [&amp;&gt;p]:mb-2 [&amp;&gt;p]:my-0\">\n<p class=\"my-2 [&amp;+p]:mt-4 [&amp;_strong:has(+br)]:inline-block [&amp;_strong:has(+br)]:pb-2\">Manuelles Aufsuchen und nischenrelevante Platzierung<\/p>\n<\/li>\n<li class=\"py-0 my-0 prose-p:pt-0 prose-p:mb-2 prose-p:my-0 [&amp;&gt;p]:pt-0 [&amp;&gt;p]:mb-2 [&amp;&gt;p]:my-0\">\n<p class=\"my-2 [&amp;+p]:mt-4 [&amp;_strong:has(+br)]:inline-block [&amp;_strong:has(+br)]:pb-2\">Nat\u00fcrliche Diversifizierung der Ankertexte<\/p>\n<\/li>\n<li class=\"py-0 my-0 prose-p:pt-0 prose-p:mb-2 prose-p:my-0 [&amp;&gt;p]:pt-0 [&amp;&gt;p]:mb-2 [&amp;&gt;p]:my-0\">\n<p class=\"my-2 [&amp;+p]:mt-4 [&amp;_strong:has(+br)]:inline-block [&amp;_strong:has(+br)]:pb-2\">White-Hat-Methoden f\u00fcr Google-sicheren Linkaufbau<\/p>\n<\/li>\n<li class=\"py-0 my-0 prose-p:pt-0 prose-p:mb-2 prose-p:my-0 [&amp;&gt;p]:pt-0 [&amp;&gt;p]:mb-2 [&amp;&gt;p]:my-0\">\n<p class=\"my-2 [&amp;+p]:mt-4 [&amp;_strong:has(+br)]:inline-block [&amp;_strong:has(+br)]:pb-2\">Umfassender Linkbericht mit URLs, DA-Werten und Platzierungsdetails<\/p>\n<\/li>\n<\/ul>\n<p class=\"my-2 [&amp;+p]:mt-4 [&amp;_strong:has(+br)]:inline-block [&amp;_strong:has(+br)]:pb-2\">Ideal f\u00fcr:<\/p>\n<ul class=\"marker:text-quiet list-disc\">\n<li class=\"py-0 my-0 prose-p:pt-0 prose-p:mb-2 prose-p:my-0 [&amp;&gt;p]:pt-0 [&amp;&gt;p]:mb-2 [&amp;&gt;p]:my-0\">\n<p class=\"my-2 [&amp;+p]:mt-4 [&amp;_strong:has(+br)]:inline-block [&amp;_strong:has(+br)]:pb-2\">E-Commerce-Gesch\u00e4fte suchen st\u00e4rkere organische Sichtbarkeit<\/p>\n<\/li>\n<li class=\"py-0 my-0 prose-p:pt-0 prose-p:mb-2 prose-p:my-0 [&amp;&gt;p]:pt-0 [&amp;&gt;p]:mb-2 [&amp;&gt;p]:my-0\">\n<p class=\"my-2 [&amp;+p]:mt-4 [&amp;_strong:has(+br)]:inline-block [&amp;_strong:has(+br)]:pb-2\">Service-Websites, die ihre Konkurrenten ausstechen wollen<\/p>\n<\/li>\n<li class=\"py-0 my-0 prose-p:pt-0 prose-p:mb-2 prose-p:my-0 [&amp;&gt;p]:pt-0 [&amp;&gt;p]:mb-2 [&amp;&gt;p]:my-0\">\n<p class=\"my-2 [&amp;+p]:mt-4 [&amp;_strong:has(+br)]:inline-block [&amp;_strong:has(+br)]:pb-2\">Blogger und Verleger, die den Besucherverkehr erh\u00f6hen m\u00f6chten<\/p>\n<\/li>\n<\/ul>","protected":false},"excerpt":{"rendered":"<p>Steigern Sie die Autorit\u00e4t und das Ranking Ihrer Website mit hochwertigen DA 50+ Do-Follow Backlinks von Top-Domains.<\/p>","protected":false},"featured_media":3481,"template":"","meta":{"site-sidebar-layout":"default","site-content-layout":"","ast-site-content-layout":"default","site-content-style":"default","site-sidebar-style":"default","ast-global-header-display":"","ast-banner-title-visibility":"","ast-main-header-display":"","ast-hfb-above-header-display":"","ast-hfb-below-header-display":"","ast-hfb-mobile-header-display":"","site-post-title":"","ast-breadcrumbs-content":"","ast-featured-img":"","footer-sml-layout":"","theme-transparent-header-meta":"default","adv-header-id-meta":"","stick-header-meta":"","header-above-stick-meta":"","header-main-stick-meta":"","header-below-stick-meta":"","astra-migrate-meta-layouts":"set","ast-page-background-enabled":"default","ast-page-background-meta":{"desktop":{"background-color":"var(--ast-global-color-4)","background-image":"","background-repeat":"repeat","background-position":"center center","background-size":"auto","background-attachment":"scroll","background-type":"","background-media":"","overlay-type":"","overlay-color":"","overlay-opacity":"","overlay-gradient":""},"tablet":{"background-color":"","background-image":"","background-repeat":"repeat","background-position":"center center","background-size":"auto","background-attachment":"scroll","background-type":"","background-media":"","overlay-type":"","overlay-color":"","overlay-opacity":"","overlay-gradient":""},"mobile":{"background-color":"","background-image":"","background-repeat":"repeat","background-position":"center center","background-size":"auto","background-attachment":"scroll","background-type":"","background-media":"","overlay-type":"","overlay-color":"","overlay-opacity":"","overlay-gradient":""}},"ast-content-background-meta":{"desktop":{"background-color":"var(--ast-global-color-5)","background-image":"","background-repeat":"repeat","background-position":"center center","background-size":"auto","background-attachment":"scroll","background-type":"","background-media":"","overlay-type":"","overlay-color":"","overlay-opacity":"","overlay-gradient":""},"tablet":{"background-color":"var(--ast-global-color-5)","background-image":"","background-repeat":"repeat","background-position":"center center","background-size":"auto","background-attachment":"scroll","background-type":"","background-media":"","overlay-type":"","overlay-color":"","overlay-opacity":"","overlay-gradient":""},"mobile":{"background-color":"var(--ast-global-color-5)","background-image":"","background-repeat":"repeat","background-position":"center center","background-size":"auto","background-attachment":"scroll","background-type":"","background-media":"","overlay-type":"","overlay-color":"","overlay-opacity":"","overlay-gradient":""}}},"product_brand":[],"product_cat":[19,18,90],"product_tag":[128,129,130,132,131],"class_list":{"0":"post-111","1":"product","2":"type-product","3":"status-publish","4":"has-post-thumbnail","6":"product_cat-high-authority-links","7":"product_cat-premium-backlinks","8":"product_cat-unmanaged","9":"product_tag-da50","10":"product_tag-do-follow","11":"product_tag-high-authority","12":"product_tag-link-building","13":"product_tag-seo-links","14":"desktop-align-left","15":"tablet-align-left","16":"mobile-align-left","18":"first","19":"instock","20":"virtual","21":"purchasable","22":"product-type-simple"},"group_of_quantity":0,"min_quantity":5,"max_quantity":"","exclude_order_quantity_value_rules":"no","exclude_category_quantity_rules":"no","combine_variations":"no","yoast_head":"<!-- This site is optimized with the Yoast SEO Premium plugin v26.2 (Yoast SEO v26.2) - https:\/\/yoast.com\/wordpress\/plugins\/seo\/ -->\n<title>DA50-DO - DA (Domain Authority) 50+ Do-follow - Graham Miranda SEO<\/title>\n<meta name=\"description\" content=\"Buy DA 50+ do-follow backlinks from top-tier domains. Premium manual link building service to boost domain authority, organic rankings, and traffic.\" \/>\n<meta name=\"robots\" content=\"index, follow, max-snippet:-1, max-image-preview:large, max-video-preview:-1\" \/>\n<link rel=\"canonical\" href=\"https:\/\/seo.grahammiranda.com\/de\/shop\/unverwaltet\/da50-do-da-domain-authority-50-do-follow\/\" \/>\n<meta property=\"og:locale\" content=\"de_DE\" \/>\n<meta property=\"og:type\" content=\"article\" \/>\n<meta property=\"og:title\" content=\"DA50-DO - DA (Domain Authority) 50+ Do-follow\" \/>\n<meta property=\"og:description\" content=\"Buy DA 50+ do-follow backlinks from top-tier domains. Premium manual link building service to boost domain authority, organic rankings, and traffic.\" \/>\n<meta property=\"og:url\" content=\"https:\/\/seo.grahammiranda.com\/de\/shop\/unverwaltet\/da50-do-da-domain-authority-50-do-follow\/\" \/>\n<meta property=\"og:site_name\" content=\"Graham Miranda SEO\" \/>\n<meta property=\"article:modified_time\" content=\"2025-10-06T11:10:24+00:00\" \/>\n<meta property=\"og:image\" content=\"https:\/\/seo.grahammiranda.com\/wp-content\/uploads\/2025\/08\/generated_image.avif\" \/>\n\t<meta property=\"og:image:width\" content=\"1024\" \/>\n\t<meta property=\"og:image:height\" content=\"1024\" \/>\n\t<meta property=\"og:image:type\" content=\"image\/png\" \/>\n<meta name=\"twitter:card\" content=\"summary_large_image\" \/>\n<meta name=\"twitter:label1\" content=\"Preis\" \/>\n\t<meta name=\"twitter:data1\" content=\"1,50&nbsp;&euro;\" \/>\n\t<meta name=\"twitter:label2\" content=\"Verf\u00fcgbarkeit\" \/>\n\t<meta name=\"twitter:data2\" content=\"Auf Lager\" \/>\n<script type=\"application\/ld+json\" class=\"yoast-schema-graph\">{\"@context\":\"https:\/\/schema.org\",\"@graph\":[{\"@type\":\"WebPage\",\"@id\":\"https:\/\/seo.grahammiranda.com\/de\/shop\/unverwaltet\/da50-do-da-domain-authority-50-do-follow\/\",\"url\":\"https:\/\/seo.grahammiranda.com\/de\/shop\/unverwaltet\/da50-do-da-domain-authority-50-do-follow\/\",\"name\":\"DA50-DO - DA (Domain Authority) 50+ Do-follow - Graham Miranda SEO\",\"isPartOf\":{\"@id\":\"https:\/\/seo.grahammiranda.com\/de\/#website\"},\"primaryImageOfPage\":{\"@id\":\"https:\/\/seo.grahammiranda.com\/de\/shop\/unverwaltet\/da50-do-da-domain-authority-50-do-follow\/#primaryimage\"},\"image\":{\"@id\":\"https:\/\/seo.grahammiranda.com\/de\/shop\/unverwaltet\/da50-do-da-domain-authority-50-do-follow\/#primaryimage\"},\"thumbnailUrl\":\"https:\/\/seo.grahammiranda.com\/wp-content\/uploads\/2025\/08\/generated_image.avif\",\"datePublished\":\"2025-08-07T17:12:40+00:00\",\"dateModified\":\"2025-10-06T11:10:24+00:00\",\"description\":\"Buy DA 50+ do-follow backlinks from top-tier domains. Premium manual link building service to boost domain authority, organic rankings, and traffic.\",\"breadcrumb\":{\"@id\":\"https:\/\/seo.grahammiranda.com\/de\/shop\/unverwaltet\/da50-do-da-domain-authority-50-do-follow\/#breadcrumb\"},\"inLanguage\":\"de\",\"potentialAction\":[{\"@type\":\"ReadAction\",\"target\":[\"https:\/\/seo.grahammiranda.com\/de\/shop\/unverwaltet\/da50-do-da-domain-authority-50-do-follow\/\"]}]},{\"@type\":\"ImageObject\",\"inLanguage\":\"de\",\"@id\":\"https:\/\/seo.grahammiranda.com\/de\/shop\/unverwaltet\/da50-do-da-domain-authority-50-do-follow\/#primaryimage\",\"url\":\"https:\/\/seo.grahammiranda.com\/wp-content\/uploads\/2025\/08\/generated_image.avif\",\"contentUrl\":\"https:\/\/seo.grahammiranda.com\/wp-content\/uploads\/2025\/08\/generated_image.avif\",\"width\":1024,\"height\":1024,\"caption\":\"Premium High Authority Backlinks - Boost Your Rankings Fast\"},{\"@type\":\"BreadcrumbList\",\"@id\":\"https:\/\/seo.grahammiranda.com\/de\/shop\/unverwaltet\/da50-do-da-domain-authority-50-do-follow\/#breadcrumb\",\"itemListElement\":[{\"@type\":\"ListItem\",\"position\":1,\"name\":\"Home\",\"item\":\"https:\/\/seo.grahammiranda.com\/\"},{\"@type\":\"ListItem\",\"position\":2,\"name\":\"Shop\",\"item\":\"https:\/\/seo.grahammiranda.com\/shop\/\"},{\"@type\":\"ListItem\",\"position\":3,\"name\":\"DA50-DO &#8211; DA (Domain Authority) 50+ Do-follow\"}]},{\"@type\":\"WebSite\",\"@id\":\"https:\/\/seo.grahammiranda.com\/de\/#website\",\"url\":\"https:\/\/seo.grahammiranda.com\/de\/\",\"name\":\"Graham Miranda SEO\",\"description\":\"Professional SEO Backlink Services | Boost Rankings | Graham Miranda\",\"publisher\":{\"@id\":\"https:\/\/seo.grahammiranda.com\/de\/#organization\"},\"potentialAction\":[{\"@type\":\"SearchAction\",\"target\":{\"@type\":\"EntryPoint\",\"urlTemplate\":\"https:\/\/seo.grahammiranda.com\/de\/?s={search_term_string}\"},\"query-input\":{\"@type\":\"PropertyValueSpecification\",\"valueRequired\":true,\"valueName\":\"search_term_string\"}}],\"inLanguage\":\"de\"},{\"@type\":\"Organization\",\"@id\":\"https:\/\/seo.grahammiranda.com\/de\/#organization\",\"name\":\"Graham Miranda SEO\",\"url\":\"https:\/\/seo.grahammiranda.com\/de\/\",\"logo\":{\"@type\":\"ImageObject\",\"inLanguage\":\"de\",\"@id\":\"https:\/\/seo.grahammiranda.com\/de\/#\/schema\/logo\/image\/\",\"url\":\"https:\/\/seo.grahammiranda.com\/wp-content\/uploads\/2025\/09\/generated_image_10-1.webp\",\"contentUrl\":\"https:\/\/seo.grahammiranda.com\/wp-content\/uploads\/2025\/09\/generated_image_10-1.webp\",\"width\":1024,\"height\":1024,\"caption\":\"Graham Miranda SEO\"},\"image\":{\"@id\":\"https:\/\/seo.grahammiranda.com\/de\/#\/schema\/logo\/image\/\"},\"hasMerchantReturnPolicy\":{\"@type\":\"MerchantReturnPolicy\",\"merchantReturnLink\":\"https:\/\/seo.grahammiranda.com\/de\/legal\/erstattungsrichtlinie\/\"}}]}<\/script>\n<meta property=\"product:price:amount\" content=\"1.50\" \/>\n<meta property=\"product:price:currency\" content=\"EUR\" \/>\n<meta property=\"og:availability\" content=\"instock\" \/>\n<meta property=\"product:availability\" content=\"instock\" \/>\n<meta property=\"product:retailer_item_id\" content=\"NX-30\" \/>\n<meta property=\"product:condition\" content=\"new\" \/>\n<!-- \/ Yoast SEO Premium plugin. -->","yoast_head_json":{"title":"DA50-DO - DA (Domain Authority) 50+ Do-follow - Graham Miranda SEO","description":"Kaufen Sie DA 50+ do-follow Backlinks von Top-Domains. Manueller Premium-Linkbuilding-Service zur Steigerung von Domain-Autorit\u00e4t, organischen Rankings und Traffic.","robots":{"index":"index","follow":"follow","max-snippet":"max-snippet:-1","max-image-preview":"max-image-preview:large","max-video-preview":"max-video-preview:-1"},"canonical":"https:\/\/seo.grahammiranda.com\/de\/shop\/unverwaltet\/da50-do-da-domain-authority-50-do-follow\/","og_locale":"de_DE","og_type":"article","og_title":"DA50-DO - DA (Domain Authority) 50+ Do-follow","og_description":"Buy DA 50+ do-follow backlinks from top-tier domains. Premium manual link building service to boost domain authority, organic rankings, and traffic.","og_url":"https:\/\/seo.grahammiranda.com\/de\/shop\/unverwaltet\/da50-do-da-domain-authority-50-do-follow\/","og_site_name":"Graham Miranda SEO","article_modified_time":"2025-10-06T11:10:24+00:00","og_image":[{"width":1024,"height":1024,"url":"https:\/\/seo.grahammiranda.com\/wp-content\/uploads\/2025\/08\/generated_image.avif","type":"image\/png"}],"twitter_card":"summary_large_image","twitter_misc":{"Preis":"1,50&nbsp;&euro;","Verf\u00fcgbarkeit":"Auf Lager"},"schema":{"@context":"https:\/\/schema.org","@graph":[{"@type":"WebPage","@id":"https:\/\/seo.grahammiranda.com\/de\/shop\/unverwaltet\/da50-do-da-domain-authority-50-do-follow\/","url":"https:\/\/seo.grahammiranda.com\/de\/shop\/unverwaltet\/da50-do-da-domain-authority-50-do-follow\/","name":"DA50-DO - DA (Domain Authority) 50+ Do-follow - Graham Miranda SEO","isPartOf":{"@id":"https:\/\/seo.grahammiranda.com\/de\/#website"},"primaryImageOfPage":{"@id":"https:\/\/seo.grahammiranda.com\/de\/shop\/unverwaltet\/da50-do-da-domain-authority-50-do-follow\/#primaryimage"},"image":{"@id":"https:\/\/seo.grahammiranda.com\/de\/shop\/unverwaltet\/da50-do-da-domain-authority-50-do-follow\/#primaryimage"},"thumbnailUrl":"https:\/\/seo.grahammiranda.com\/wp-content\/uploads\/2025\/08\/generated_image.avif","datePublished":"2025-08-07T17:12:40+00:00","dateModified":"2025-10-06T11:10:24+00:00","description":"Kaufen Sie DA 50+ do-follow Backlinks von Top-Domains. Manueller Premium-Linkbuilding-Service zur Steigerung von Domain-Autorit\u00e4t, organischen Rankings und Traffic.","breadcrumb":{"@id":"https:\/\/seo.grahammiranda.com\/de\/shop\/unverwaltet\/da50-do-da-domain-authority-50-do-follow\/#breadcrumb"},"inLanguage":"de","potentialAction":[{"@type":"ReadAction","target":["https:\/\/seo.grahammiranda.com\/de\/shop\/unverwaltet\/da50-do-da-domain-authority-50-do-follow\/"]}]},{"@type":"ImageObject","inLanguage":"de","@id":"https:\/\/seo.grahammiranda.com\/de\/shop\/unverwaltet\/da50-do-da-domain-authority-50-do-follow\/#primaryimage","url":"https:\/\/seo.grahammiranda.com\/wp-content\/uploads\/2025\/08\/generated_image.avif","contentUrl":"https:\/\/seo.grahammiranda.com\/wp-content\/uploads\/2025\/08\/generated_image.avif","width":1024,"height":1024,"caption":"Premium High Authority Backlinks - Boost Your Rankings Fast"},{"@type":"BreadcrumbList","@id":"https:\/\/seo.grahammiranda.com\/de\/shop\/unverwaltet\/da50-do-da-domain-authority-50-do-follow\/#breadcrumb","itemListElement":[{"@type":"ListItem","position":1,"name":"Home","item":"https:\/\/seo.grahammiranda.com\/"},{"@type":"ListItem","position":2,"name":"Shop","item":"https:\/\/seo.grahammiranda.com\/shop\/"},{"@type":"ListItem","position":3,"name":"DA50-DO &#8211; DA (Domain Authority) 50+ Do-follow"}]},{"@type":"WebSite","@id":"https:\/\/seo.grahammiranda.com\/de\/#website","url":"https:\/\/seo.grahammiranda.com\/de\/","name":"Graham Miranda SEO","description":"Professionelle SEO Backlink Dienstleistungen | Boost Rankings | Graham Miranda","publisher":{"@id":"https:\/\/seo.grahammiranda.com\/de\/#organization"},"potentialAction":[{"@type":"SearchAction","target":{"@type":"EntryPoint","urlTemplate":"https:\/\/seo.grahammiranda.com\/de\/?s={search_term_string}"},"query-input":{"@type":"PropertyValueSpecification","valueRequired":true,"valueName":"search_term_string"}}],"inLanguage":"de"},{"@type":"Organization","@id":"https:\/\/seo.grahammiranda.com\/de\/#organization","name":"Graham Miranda SEO","url":"https:\/\/seo.grahammiranda.com\/de\/","logo":{"@type":"ImageObject","inLanguage":"de","@id":"https:\/\/seo.grahammiranda.com\/de\/#\/schema\/logo\/image\/","url":"https:\/\/seo.grahammiranda.com\/wp-content\/uploads\/2025\/09\/generated_image_10-1.webp","contentUrl":"https:\/\/seo.grahammiranda.com\/wp-content\/uploads\/2025\/09\/generated_image_10-1.webp","width":1024,"height":1024,"caption":"Graham Miranda SEO"},"image":{"@id":"https:\/\/seo.grahammiranda.com\/de\/#\/schema\/logo\/image\/"},"hasMerchantReturnPolicy":{"@type":"MerchantReturnPolicy","merchantReturnLink":"https:\/\/seo.grahammiranda.com\/de\/legal\/erstattungsrichtlinie\/"}}]},"product_price_amount":"1.50","product_price_currency":"EUR","og_availability":"instock","product_availability":"instock","product_retailer_item_id":"NX-30","product_condition":"new"},"_links":{"self":[{"href":"https:\/\/seo.grahammiranda.com\/de\/wp-json\/wp\/v2\/product\/111","targetHints":{"allow":["GET"]}}],"collection":[{"href":"https:\/\/seo.grahammiranda.com\/de\/wp-json\/wp\/v2\/product"}],"about":[{"href":"https:\/\/seo.grahammiranda.com\/de\/wp-json\/wp\/v2\/types\/product"}],"wp:featuredmedia":[{"embeddable":true,"href":"https:\/\/seo.grahammiranda.com\/de\/wp-json\/wp\/v2\/media\/3481"}],"wp:attachment":[{"href":"https:\/\/seo.grahammiranda.com\/de\/wp-json\/wp\/v2\/media?parent=111"}],"wp:term":[{"taxonomy":"product_brand","embeddable":true,"href":"https:\/\/seo.grahammiranda.com\/de\/wp-json\/wp\/v2\/product_brand?post=111"},{"taxonomy":"product_cat","embeddable":true,"href":"https:\/\/seo.grahammiranda.com\/de\/wp-json\/wp\/v2\/product_cat?post=111"},{"taxonomy":"product_tag","embeddable":true,"href":"https:\/\/seo.grahammiranda.com\/de\/wp-json\/wp\/v2\/product_tag?post=111"}],"curies":[{"name":"wp","href":"https:\/\/api.w.org\/{rel}","templated":true}]}}