{"id":3449,"date":"2025-09-03T11:15:05","date_gmt":"2025-09-03T09:15:05","guid":{"rendered":"https:\/\/seo.grahammiranda.com\/?post_type=product&#038;p=3449"},"modified":"2025-09-03T14:42:06","modified_gmt":"2025-09-03T12:42:06","slug":"schlagkern","status":"publish","type":"product","link":"https:\/\/seo.grahammiranda.com\/de\/shop\/verwaltet\/schlagkern\/","title":{"rendered":"Core Impact - Business Insider &amp; News Media Amplifier"},"content":{"rendered":"<p>Steigern Sie die Autorit\u00e4t Ihres Unternehmens mit Core Impact, unserem Premium-SEO-Service mit exklusiver Business Insider-Berichterstattung und umfassender Verbreitung in den Nachrichtenmedien. Dieses wirkungsvolle Paket positioniert Ihr Unternehmen neben Branchenf\u00fchrern durch strategische Medienplatzierung und den Aufbau von Autorit\u00e4t.<\/p>\n<p>Unsere Verst\u00e4rkungsstrategie sichert die Berichterstattung auf Business Insider (DA 91, 75,9 Mio. monatliche Besucher), w\u00e4hrend wir Ihre Geschichte \u00fcber mehr als 350 weitere Nachrichtenmedien verbreiten, um eine maximale Reichweite und Autorit\u00e4t zu erzielen.<\/p>\n<p>Premium Media Features:<br \/>\n\u2705 Garantierte Business Insider do-follow Backlink-Platzierung<br \/>\n\u2705 Professionelle Entwicklung von Geschichten und Inhalten<br \/>\n\u2705 Verteilung in mehr als 350 allgemeinen Nachrichtenkan\u00e4len<br \/>\n\u2705 Finanzielle und gesch\u00e4ftliche Nischenkompetenz<br \/>\n\u2705 Umfassende Verfolgung der Medienberichterstattung und Berichterstattung<\/p>\n<p>Perfekt f\u00fcr Business Authority:<br \/>\n- Finanzdienstleistungen und Fintech-Unternehmen<br \/>\n- Freiberufliche Dienstleistungen und Beratungsunternehmen<br \/>\n- Technologie-Start-ups und innovative Unternehmen<br \/>\n- Immobilien- und Investmentgesellschaften<br \/>\n- Jedes Unternehmen, das eine hohe Glaubw\u00fcrdigkeit in den Medien anstrebt<\/p>\n<p>Strategie zur Verst\u00e4rkung der Autorit\u00e4t:<br \/>\nWir entwickeln \u00fcberzeugende Gesch\u00e4ftsgeschichten, die es wert sind, von Business Insider abgedeckt zu werden, sorgen f\u00fcr eine strategische Platzierung mit Do-Follow-Links und vergr\u00f6\u00dfern die Reichweite durch eine umfassende Verbreitung in den Nachrichtenmedien, um ein Maximum an Autorit\u00e4t und Glaubw\u00fcrdigkeit aufzubauen.<\/p>\n<p>Autorit\u00e4tsaufbau Ergebnisse:<br \/>\n- Premium-Backlink von Business Insider (DA 91)<br \/>\n- Enormes Aufmerksamkeitspotenzial (75,9 Millionen monatliche Besucher)<br \/>\n- Verbesserte Glaubw\u00fcrdigkeit des Unternehmens und Positionierung in der Branche<br \/>\n- Erh\u00f6hter qualifizierter Verkehr und Lead-Generierung<br \/>\n- Signifikante Verbesserungen der Autorit\u00e4t und des Vertrauenssignals<\/p>\n<p>Premium Media Implementation:<br \/>\nIhr leitender Medienstratege entwirft \u00fcberzeugende Unternehmensgeschichten, koordiniert die Platzierung auf Business Insider, verwaltet die umfassende Medienverbreitung und verfolgt die gesamte Berichterstattung, um maximale Autorit\u00e4t und SEO-Wirkung zu erzielen.<\/p>","protected":false},"excerpt":{"rendered":"<h4 class=\"mb-2 mt-4 font-display font-semimedium text-base first:mt-0\">Verst\u00e4rken Sie Ihre Autorit\u00e4t mit Business Insider-Backlinks und erstklassiger Berichterstattung in den Medien. Professionelles SEO f\u00fcr Pressemitteilungen f\u00fcr maximale Glaubw\u00fcrdigkeit und Sichtbarkeit.<\/h4>","protected":false},"featured_media":3459,"template":"","meta":{"site-sidebar-layout":"default","site-content-layout":"","ast-site-content-layout":"default","site-content-style":"default","site-sidebar-style":"default","ast-global-header-display":"","ast-banner-title-visibility":"","ast-main-header-display":"","ast-hfb-above-header-display":"","ast-hfb-below-header-display":"","ast-hfb-mobile-header-display":"","site-post-title":"","ast-breadcrumbs-content":"","ast-featured-img":"","footer-sml-layout":"","theme-transparent-header-meta":"default","adv-header-id-meta":"","stick-header-meta":"","header-above-stick-meta":"","header-main-stick-meta":"","header-below-stick-meta":"","astra-migrate-meta-layouts":"set","ast-page-background-enabled":"default","ast-page-background-meta":{"desktop":{"background-color":"var(--ast-global-color-4)","background-image":"","background-repeat":"repeat","background-position":"center center","background-size":"auto","background-attachment":"scroll","background-type":"","background-media":"","overlay-type":"","overlay-color":"","overlay-opacity":"","overlay-gradient":""},"tablet":{"background-color":"","background-image":"","background-repeat":"repeat","background-position":"center center","background-size":"auto","background-attachment":"scroll","background-type":"","background-media":"","overlay-type":"","overlay-color":"","overlay-opacity":"","overlay-gradient":""},"mobile":{"background-color":"","background-image":"","background-repeat":"repeat","background-position":"center center","background-size":"auto","background-attachment":"scroll","background-type":"","background-media":"","overlay-type":"","overlay-color":"","overlay-opacity":"","overlay-gradient":""}},"ast-content-background-meta":{"desktop":{"background-color":"var(--ast-global-color-5)","background-image":"","background-repeat":"repeat","background-position":"center center","background-size":"auto","background-attachment":"scroll","background-type":"","background-media":"","overlay-type":"","overlay-color":"","overlay-opacity":"","overlay-gradient":""},"tablet":{"background-color":"var(--ast-global-color-5)","background-image":"","background-repeat":"repeat","background-position":"center center","background-size":"auto","background-attachment":"scroll","background-type":"","background-media":"","overlay-type":"","overlay-color":"","overlay-opacity":"","overlay-gradient":""},"mobile":{"background-color":"var(--ast-global-color-5)","background-image":"","background-repeat":"repeat","background-position":"center center","background-size":"auto","background-attachment":"scroll","background-type":"","background-media":"","overlay-type":"","overlay-color":"","overlay-opacity":"","overlay-gradient":""}}},"product_brand":[],"product_cat":[116,89],"product_tag":[110,123,121,122],"class_list":{"0":"post-3449","1":"product","2":"type-product","3":"status-publish","4":"has-post-thumbnail","6":"product_cat-impact","7":"product_cat-managed","8":"product_tag-authority-link-building","9":"product_tag-media-coverage-seo","10":"product_tag-premium-news-media-seo","11":"product_tag-press-release-optimization","12":"desktop-align-left","13":"tablet-align-left","14":"mobile-align-left","16":"first","17":"instock","18":"virtual","19":"purchasable","20":"product-type-simple"},"group_of_quantity":0,"min_quantity":0,"max_quantity":"","exclude_order_quantity_value_rules":"no","exclude_category_quantity_rules":"no","combine_variations":"no","yoast_head":"<!-- This site is optimized with the Yoast SEO Premium plugin v26.2 (Yoast SEO v26.2) - https:\/\/yoast.com\/wordpress\/plugins\/seo\/ -->\n<title>Core Impact Business Insider SEO | Premium News Media &amp; Authority Link Building<\/title>\n<meta name=\"description\" content=\"Amplify authority with Business Insider backlinks and premium news media coverage. Professional press release SEO for maximum credibility and exposure.\" \/>\n<meta name=\"robots\" content=\"index, follow, max-snippet:-1, max-image-preview:large, max-video-preview:-1\" \/>\n<link rel=\"canonical\" href=\"https:\/\/seo.grahammiranda.com\/de\/shop\/verwaltet\/schlagkern\/\" \/>\n<meta property=\"og:locale\" content=\"de_DE\" \/>\n<meta property=\"og:type\" content=\"article\" \/>\n<meta property=\"og:title\" content=\"Core Impact \u2013 Business Insider &amp; News Media Amplifier\" \/>\n<meta property=\"og:description\" content=\"Amplify authority with Business Insider backlinks and premium news media coverage. Professional press release SEO for maximum credibility and exposure.\" \/>\n<meta property=\"og:url\" content=\"https:\/\/seo.grahammiranda.com\/de\/shop\/verwaltet\/schlagkern\/\" \/>\n<meta property=\"og:site_name\" content=\"Graham Miranda SEO\" \/>\n<meta property=\"article:modified_time\" content=\"2025-09-03T12:42:06+00:00\" \/>\n<meta property=\"og:image\" content=\"https:\/\/seo.grahammiranda.com\/wp-content\/uploads\/2025\/09\/generated_image_7.avif\" \/>\n\t<meta property=\"og:image:width\" content=\"1024\" \/>\n\t<meta property=\"og:image:height\" content=\"1024\" \/>\n\t<meta property=\"og:image:type\" content=\"image\/png\" \/>\n<meta name=\"twitter:card\" content=\"summary_large_image\" \/>\n<meta name=\"twitter:label1\" content=\"Preis\" \/>\n\t<meta name=\"twitter:data1\" content=\"350,00&nbsp;&euro;\" \/>\n\t<meta name=\"twitter:label2\" content=\"Verf\u00fcgbarkeit\" \/>\n\t<meta name=\"twitter:data2\" content=\"Auf Lager\" \/>\n<script type=\"application\/ld+json\" class=\"yoast-schema-graph\">{\"@context\":\"https:\/\/schema.org\",\"@graph\":[{\"@type\":\"WebPage\",\"@id\":\"https:\/\/seo.grahammiranda.com\/de\/shop\/verwaltet\/schlagkern\/\",\"url\":\"https:\/\/seo.grahammiranda.com\/de\/shop\/verwaltet\/schlagkern\/\",\"name\":\"Core Impact Business Insider SEO | Premium News Media & Authority Link Building\",\"isPartOf\":{\"@id\":\"https:\/\/seo.grahammiranda.com\/de\/#website\"},\"primaryImageOfPage\":{\"@id\":\"https:\/\/seo.grahammiranda.com\/de\/shop\/verwaltet\/schlagkern\/#primaryimage\"},\"image\":{\"@id\":\"https:\/\/seo.grahammiranda.com\/de\/shop\/verwaltet\/schlagkern\/#primaryimage\"},\"thumbnailUrl\":\"https:\/\/seo.grahammiranda.com\/wp-content\/uploads\/2025\/09\/generated_image_7.avif\",\"datePublished\":\"2025-09-03T09:15:05+00:00\",\"dateModified\":\"2025-09-03T12:42:06+00:00\",\"description\":\"Amplify authority with Business Insider backlinks and premium news media coverage. Professional press release SEO for maximum credibility and exposure.\",\"breadcrumb\":{\"@id\":\"https:\/\/seo.grahammiranda.com\/de\/shop\/verwaltet\/schlagkern\/#breadcrumb\"},\"inLanguage\":\"de\",\"potentialAction\":[{\"@type\":\"ReadAction\",\"target\":[\"https:\/\/seo.grahammiranda.com\/de\/shop\/verwaltet\/schlagkern\/\"]}]},{\"@type\":\"ImageObject\",\"inLanguage\":\"de\",\"@id\":\"https:\/\/seo.grahammiranda.com\/de\/shop\/verwaltet\/schlagkern\/#primaryimage\",\"url\":\"https:\/\/seo.grahammiranda.com\/wp-content\/uploads\/2025\/09\/generated_image_7.avif\",\"contentUrl\":\"https:\/\/seo.grahammiranda.com\/wp-content\/uploads\/2025\/09\/generated_image_7.avif\",\"width\":1024,\"height\":1024,\"caption\":\"Business Insider branding, 75.9M visitors indicator, DA 91 badge, plus 350 outlets\"},{\"@type\":\"BreadcrumbList\",\"@id\":\"https:\/\/seo.grahammiranda.com\/de\/shop\/verwaltet\/schlagkern\/#breadcrumb\",\"itemListElement\":[{\"@type\":\"ListItem\",\"position\":1,\"name\":\"Home\",\"item\":\"https:\/\/seo.grahammiranda.com\/\"},{\"@type\":\"ListItem\",\"position\":2,\"name\":\"Shop\",\"item\":\"https:\/\/seo.grahammiranda.com\/shop\/\"},{\"@type\":\"ListItem\",\"position\":3,\"name\":\"Core Impact \u2013 Business Insider &#038; News Media Amplifier\"}]},{\"@type\":\"WebSite\",\"@id\":\"https:\/\/seo.grahammiranda.com\/de\/#website\",\"url\":\"https:\/\/seo.grahammiranda.com\/de\/\",\"name\":\"Graham Miranda SEO\",\"description\":\"Professional SEO Backlink Services | Boost Rankings | Graham Miranda\",\"publisher\":{\"@id\":\"https:\/\/seo.grahammiranda.com\/de\/#organization\"},\"potentialAction\":[{\"@type\":\"SearchAction\",\"target\":{\"@type\":\"EntryPoint\",\"urlTemplate\":\"https:\/\/seo.grahammiranda.com\/de\/?s={search_term_string}\"},\"query-input\":{\"@type\":\"PropertyValueSpecification\",\"valueRequired\":true,\"valueName\":\"search_term_string\"}}],\"inLanguage\":\"de\"},{\"@type\":\"Organization\",\"@id\":\"https:\/\/seo.grahammiranda.com\/de\/#organization\",\"name\":\"Graham Miranda SEO\",\"url\":\"https:\/\/seo.grahammiranda.com\/de\/\",\"logo\":{\"@type\":\"ImageObject\",\"inLanguage\":\"de\",\"@id\":\"https:\/\/seo.grahammiranda.com\/de\/#\/schema\/logo\/image\/\",\"url\":\"https:\/\/seo.grahammiranda.com\/wp-content\/uploads\/2025\/09\/generated_image_10-1.webp\",\"contentUrl\":\"https:\/\/seo.grahammiranda.com\/wp-content\/uploads\/2025\/09\/generated_image_10-1.webp\",\"width\":1024,\"height\":1024,\"caption\":\"Graham Miranda SEO\"},\"image\":{\"@id\":\"https:\/\/seo.grahammiranda.com\/de\/#\/schema\/logo\/image\/\"},\"hasMerchantReturnPolicy\":{\"@type\":\"MerchantReturnPolicy\",\"merchantReturnLink\":\"https:\/\/seo.grahammiranda.com\/de\/legal\/erstattungsrichtlinie\/\"}}]}<\/script>\n<meta property=\"product:price:amount\" content=\"350.00\" \/>\n<meta property=\"product:price:currency\" content=\"EUR\" \/>\n<meta property=\"og:availability\" content=\"instock\" \/>\n<meta property=\"product:availability\" content=\"instock\" \/>\n<meta property=\"product:condition\" content=\"new\" \/>\n<!-- \/ Yoast SEO Premium plugin. -->","yoast_head_json":{"title":"Core Impact Business Insider SEO | Premium News Media &amp; Authority Link Building","description":"Verst\u00e4rken Sie Ihre Autorit\u00e4t mit Business Insider-Backlinks und erstklassiger Berichterstattung in den Medien. Professionelles SEO f\u00fcr Pressemitteilungen f\u00fcr maximale Glaubw\u00fcrdigkeit und Sichtbarkeit.","robots":{"index":"index","follow":"follow","max-snippet":"max-snippet:-1","max-image-preview":"max-image-preview:large","max-video-preview":"max-video-preview:-1"},"canonical":"https:\/\/seo.grahammiranda.com\/de\/shop\/verwaltet\/schlagkern\/","og_locale":"de_DE","og_type":"article","og_title":"Core Impact \u2013 Business Insider & News Media Amplifier","og_description":"Amplify authority with Business Insider backlinks and premium news media coverage. Professional press release SEO for maximum credibility and exposure.","og_url":"https:\/\/seo.grahammiranda.com\/de\/shop\/verwaltet\/schlagkern\/","og_site_name":"Graham Miranda SEO","article_modified_time":"2025-09-03T12:42:06+00:00","og_image":[{"width":1024,"height":1024,"url":"https:\/\/seo.grahammiranda.com\/wp-content\/uploads\/2025\/09\/generated_image_7.avif","type":"image\/png"}],"twitter_card":"summary_large_image","twitter_misc":{"Preis":"350,00&nbsp;&euro;","Verf\u00fcgbarkeit":"Auf Lager"},"schema":{"@context":"https:\/\/schema.org","@graph":[{"@type":"WebPage","@id":"https:\/\/seo.grahammiranda.com\/de\/shop\/verwaltet\/schlagkern\/","url":"https:\/\/seo.grahammiranda.com\/de\/shop\/verwaltet\/schlagkern\/","name":"Core Impact Business Insider SEO | Premium News Media &amp; Authority Link Building","isPartOf":{"@id":"https:\/\/seo.grahammiranda.com\/de\/#website"},"primaryImageOfPage":{"@id":"https:\/\/seo.grahammiranda.com\/de\/shop\/verwaltet\/schlagkern\/#primaryimage"},"image":{"@id":"https:\/\/seo.grahammiranda.com\/de\/shop\/verwaltet\/schlagkern\/#primaryimage"},"thumbnailUrl":"https:\/\/seo.grahammiranda.com\/wp-content\/uploads\/2025\/09\/generated_image_7.avif","datePublished":"2025-09-03T09:15:05+00:00","dateModified":"2025-09-03T12:42:06+00:00","description":"Verst\u00e4rken Sie Ihre Autorit\u00e4t mit Business Insider-Backlinks und erstklassiger Berichterstattung in den Medien. Professionelles SEO f\u00fcr Pressemitteilungen f\u00fcr maximale Glaubw\u00fcrdigkeit und Sichtbarkeit.","breadcrumb":{"@id":"https:\/\/seo.grahammiranda.com\/de\/shop\/verwaltet\/schlagkern\/#breadcrumb"},"inLanguage":"de","potentialAction":[{"@type":"ReadAction","target":["https:\/\/seo.grahammiranda.com\/de\/shop\/verwaltet\/schlagkern\/"]}]},{"@type":"ImageObject","inLanguage":"de","@id":"https:\/\/seo.grahammiranda.com\/de\/shop\/verwaltet\/schlagkern\/#primaryimage","url":"https:\/\/seo.grahammiranda.com\/wp-content\/uploads\/2025\/09\/generated_image_7.avif","contentUrl":"https:\/\/seo.grahammiranda.com\/wp-content\/uploads\/2025\/09\/generated_image_7.avif","width":1024,"height":1024,"caption":"Business Insider branding, 75.9M visitors indicator, DA 91 badge, plus 350 outlets"},{"@type":"BreadcrumbList","@id":"https:\/\/seo.grahammiranda.com\/de\/shop\/verwaltet\/schlagkern\/#breadcrumb","itemListElement":[{"@type":"ListItem","position":1,"name":"Home","item":"https:\/\/seo.grahammiranda.com\/"},{"@type":"ListItem","position":2,"name":"Shop","item":"https:\/\/seo.grahammiranda.com\/shop\/"},{"@type":"ListItem","position":3,"name":"Core Impact \u2013 Business Insider &#038; News Media Amplifier"}]},{"@type":"WebSite","@id":"https:\/\/seo.grahammiranda.com\/de\/#website","url":"https:\/\/seo.grahammiranda.com\/de\/","name":"Graham Miranda SEO","description":"Professionelle SEO Backlink Dienstleistungen | Boost Rankings | Graham Miranda","publisher":{"@id":"https:\/\/seo.grahammiranda.com\/de\/#organization"},"potentialAction":[{"@type":"SearchAction","target":{"@type":"EntryPoint","urlTemplate":"https:\/\/seo.grahammiranda.com\/de\/?s={search_term_string}"},"query-input":{"@type":"PropertyValueSpecification","valueRequired":true,"valueName":"search_term_string"}}],"inLanguage":"de"},{"@type":"Organization","@id":"https:\/\/seo.grahammiranda.com\/de\/#organization","name":"Graham Miranda SEO","url":"https:\/\/seo.grahammiranda.com\/de\/","logo":{"@type":"ImageObject","inLanguage":"de","@id":"https:\/\/seo.grahammiranda.com\/de\/#\/schema\/logo\/image\/","url":"https:\/\/seo.grahammiranda.com\/wp-content\/uploads\/2025\/09\/generated_image_10-1.webp","contentUrl":"https:\/\/seo.grahammiranda.com\/wp-content\/uploads\/2025\/09\/generated_image_10-1.webp","width":1024,"height":1024,"caption":"Graham Miranda SEO"},"image":{"@id":"https:\/\/seo.grahammiranda.com\/de\/#\/schema\/logo\/image\/"},"hasMerchantReturnPolicy":{"@type":"MerchantReturnPolicy","merchantReturnLink":"https:\/\/seo.grahammiranda.com\/de\/legal\/erstattungsrichtlinie\/"}}]},"product_price_amount":"350.00","product_price_currency":"EUR","og_availability":"instock","product_availability":"instock","product_condition":"new"},"_links":{"self":[{"href":"https:\/\/seo.grahammiranda.com\/de\/wp-json\/wp\/v2\/product\/3449","targetHints":{"allow":["GET"]}}],"collection":[{"href":"https:\/\/seo.grahammiranda.com\/de\/wp-json\/wp\/v2\/product"}],"about":[{"href":"https:\/\/seo.grahammiranda.com\/de\/wp-json\/wp\/v2\/types\/product"}],"wp:featuredmedia":[{"embeddable":true,"href":"https:\/\/seo.grahammiranda.com\/de\/wp-json\/wp\/v2\/media\/3459"}],"wp:attachment":[{"href":"https:\/\/seo.grahammiranda.com\/de\/wp-json\/wp\/v2\/media?parent=3449"}],"wp:term":[{"taxonomy":"product_brand","embeddable":true,"href":"https:\/\/seo.grahammiranda.com\/de\/wp-json\/wp\/v2\/product_brand?post=3449"},{"taxonomy":"product_cat","embeddable":true,"href":"https:\/\/seo.grahammiranda.com\/de\/wp-json\/wp\/v2\/product_cat?post=3449"},{"taxonomy":"product_tag","embeddable":true,"href":"https:\/\/seo.grahammiranda.com\/de\/wp-json\/wp\/v2\/product_tag?post=3449"}],"curies":[{"name":"wp","href":"https:\/\/api.w.org\/{rel}","templated":true}]}}